{"id":855,"date":"2022-08-23T18:01:00","date_gmt":"2022-08-23T18:01:00","guid":{"rendered":"http:\/\/gferrari.com.br\/?page_id=855"},"modified":"2023-01-16T23:30:10","modified_gmt":"2023-01-16T23:30:10","slug":"baixo-volume-automotivo","status":"publish","type":"page","link":"http:\/\/gferrari.com.br\/?page_id=855","title":{"rendered":"Baixo Volume (Automotivo)"},"content":{"rendered":"\n<div class=\"wp-block-cover alignfull is-light\" style=\"min-height:429px\"><span aria-hidden=\"true\" class=\"wp-block-cover__background has-background-dim\" style=\"background-color:#02733e\"><\/span><img loading=\"lazy\" width=\"2560\" height=\"1709\" class=\"wp-block-cover__image-background wp-image-851\" alt=\"\" src=\"http:\/\/gferrari.com.br\/wp-content\/uploads\/2022\/08\/truck-long-vehicle-ready-for-delivering-and-transport-scaled.jpg\" style=\"object-position:50% 65%\" data-object-fit=\"cover\" data-object-position=\"50% 65%\" srcset=\"http:\/\/gferrari.com.br\/wp-content\/uploads\/2022\/08\/truck-long-vehicle-ready-for-delivering-and-transport-scaled.jpg 2560w, http:\/\/gferrari.com.br\/wp-content\/uploads\/2022\/08\/truck-long-vehicle-ready-for-delivering-and-transport-300x200.jpg 300w, http:\/\/gferrari.com.br\/wp-content\/uploads\/2022\/08\/truck-long-vehicle-ready-for-delivering-and-transport-1024x683.jpg 1024w, http:\/\/gferrari.com.br\/wp-content\/uploads\/2022\/08\/truck-long-vehicle-ready-for-delivering-and-transport-768x513.jpg 768w, http:\/\/gferrari.com.br\/wp-content\/uploads\/2022\/08\/truck-long-vehicle-ready-for-delivering-and-transport-1536x1025.jpg 1536w\" sizes=\"(max-width: 2560px) 100vw, 2560px\" \/><div class=\"wp-block-cover__inner-container\">\n<h1 class=\"has-white-color has-text-color\">Baixo Volume (Automotivo)<\/h1>\n<\/div><\/div>\n\n\n\n<div class=\"wp-container-1 wp-block-group\"><div class=\"wp-block-group__inner-container\"><\/div><\/div>\n\n\n\n<div class=\"wp-container-2 wp-block-group alignfull has-ast-global-color-5-background-color has-background\"><div class=\"wp-block-group__inner-container\">\n<div class=\"wp-block-media-text alignwide is-stacked-on-mobile has-background\" style=\"background-color:#02733e\"><figure class=\"wp-block-media-text__media\"><img loading=\"lazy\" width=\"200\" height=\"210\" src=\"http:\/\/gferrari.com.br\/wp-content\/uploads\/2023\/01\/OIP-2.jpg\" alt=\"\" class=\"wp-image-995 size-full\"\/><\/figure><div class=\"wp-block-media-text__content\">\n<h2 class=\"has-white-color has-text-color\">Baixo Volume &#8211; Automotivo<\/h2>\n\n\n\n<p class=\"has-text-color\" style=\"color:#ffffff\">De acordo com a Portaria Inmetro 110:2022 os componentes automotivos de baixo volume fabricados, importados, distribuidos e comercializados em territ\u00f3rio nacional, devem ser submetidos, compuls\u00f3riamente, \u00e0 avalia\u00e7\u00e3o da conformidade, por meio de Declara\u00e7\u00e3o do Fornecedor.<\/p>\n<\/div><\/div>\n<\/div><\/div>\n\n\n\n<p><\/p>\n\n\n\n<div class=\"wp-container-6 wp-block-group alignfull has-ast-global-color-5-background-color has-background\"><div class=\"wp-block-group__inner-container\">\n<div class=\"wp-container-5 wp-block-columns alignwide\">\n<div class=\"wp-container-3 wp-block-column\" style=\"flex-basis:66.66%\">\n<figure class=\"wp-block-image aligncenter size-full is-resized\"><img loading=\"lazy\" src=\"http:\/\/gferrari.com.br\/wp-content\/uploads\/2023\/01\/grupo-de-motor400.jpg\" alt=\"\" class=\"wp-image-998\" width=\"607\" height=\"607\" srcset=\"http:\/\/gferrari.com.br\/wp-content\/uploads\/2023\/01\/grupo-de-motor400.jpg 400w, http:\/\/gferrari.com.br\/wp-content\/uploads\/2023\/01\/grupo-de-motor400-300x300.jpg 300w, http:\/\/gferrari.com.br\/wp-content\/uploads\/2023\/01\/grupo-de-motor400-150x150.jpg 150w\" sizes=\"(max-width: 607px) 100vw, 607px\" \/><\/figure>\n<\/div>\n\n\n\n<div class=\"wp-container-4 wp-block-column\" style=\"flex-basis:33.33%\">\n<h3>Produtos que fazem parte<\/h3>\n\n\n\n<ul><li>Amortecedor (ve\u00edculos de passeio)<\/li><li>Amortecedor (ve\u00edculos pesados)<\/li><li>Bomba el\u00e9trica de combust\u00edvel<\/li><li>Buzina<\/li><li>Pist\u00f5es<\/li><li>Pinos (pist\u00f5es)<\/li><li>Bateria chumbo-\u00e1cido<\/li><li>An\u00e9is trava (pist\u00f5es)<\/li><li>An\u00e9is de pist\u00e3o<\/li><li>Rodas automotivas<\/li><li>Bronzinas<\/li><li>L\u00e2mpadas automotivas<\/li><li>Terminais de dire\u00e7\u00e3o<\/li><li>Barras de dire\u00e7\u00e3o<\/li><li>Barras de liga\u00e7\u00e3o<\/li><li>Terminais axiais<\/li><li>Materiais de atrito para freios &#8211; pastilhas<\/li><li>Materiais de atrito para freios &#8211; lonas<\/li><li>Vidro de Seguran\u00e7a Temperado de Ve\u00edculo Rodovi\u00e1rio Automotor<\/li><li>Vidro de Seguran\u00e7a Laminado de Para-brisa de Ve\u00edculo Rodovi\u00e1rio Automotor<\/li><\/ul>\n\n\n\n<p><strong>Componente Automotivo<br>(exclusivo para Motocicletas, Motonetas,<br>Ciclomotores, Triciclos e Quadriciclos)<\/strong><\/p>\n\n\n\n<ul><li>Pinh\u00e3o<\/li><li>Coroa<\/li><li>Corrente de transmiss\u00e3o<\/li><li>Escapamento<\/li><\/ul>\n<\/div>\n<\/div>\n<\/div><\/div>\n\n\n\n<div class=\"wp-container-7 wp-block-group alignfull has-ast-global-color-5-background-color has-background\"><div class=\"wp-block-group__inner-container\">\n<div class=\"wp-block-media-text has-media-on-the-right is-stacked-on-mobile is-vertically-aligned-center has-background\" style=\"background-color:#02733e\"><figure class=\"wp-block-media-text__media\"><img loading=\"lazy\" width=\"298\" height=\"180\" src=\"http:\/\/gferrari.com.br\/wp-content\/uploads\/2023\/01\/OIP-1-2.jpg\" alt=\"\" class=\"wp-image-999 size-full\"\/><\/figure><div class=\"wp-block-media-text__content\">\n<h2 class=\"has-text-align-left has-white-color has-text-color\">Como a GFerrari Certifica\u00e7\u00f5es pode lhe ajudar?<\/h2>\n\n\n\n<p class=\"has-text-align-left has-white-color has-text-color\">A GFerrari Certifica\u00e7\u00f5es possui uma equipe de profissionais capacitados para lhe ajudar em obter e gerenciar seu projeto, com precis\u00e3o e sem perda de tempo<\/p>\n<\/div><\/div>\n<\/div><\/div>\n\n\n\n<div class=\"wp-container-16 wp-block-group alignfull has-ast-global-color-5-background-color has-background\"><div class=\"wp-block-group__inner-container\">\n<h2 class=\"has-text-align-center\">What Our Customers Say About Us<\/h2>\n\n\n\n<div class=\"wp-container-11 wp-block-columns alignwide\">\n<div class=\"wp-container-8 wp-block-column\">\n<p class=\"has-text-align-center\">Sed ut pers piciatis unde omnis iste natus error sit volup tatem accus antium dolore mque laudan tium, totam rem aperiam, eaque ipsa quae ab illo inventore.<\/p>\n\n\n\n<figure class=\"wp-block-image aligncenter size-large is-resized is-style-rounded\"><img loading=\"lazy\" src=\"http:\/\/gferrari.com.br\/wp-content\/uploads\/2021\/06\/customer-4.jpg\" alt=\"\" class=\"wp-image-247\" width=\"50\" height=\"50\" srcset=\"http:\/\/gferrari.com.br\/wp-content\/uploads\/2021\/06\/customer-4.jpg 200w, http:\/\/gferrari.com.br\/wp-content\/uploads\/2021\/06\/customer-4-150x150.jpg 150w\" sizes=\"(max-width: 50px) 100vw, 50px\" \/><\/figure>\n\n\n\n<p class=\"has-text-align-center\">Martin Foster<\/p>\n<\/div>\n\n\n\n<div class=\"wp-container-9 wp-block-column\">\n<p class=\"has-text-align-center\">Sed ut pers piciatis unde omnis iste natus error sit volup tatem accus antium dolore mque laudan tium, totam rem aperiam, eaque ipsa quae ab illo inventore.<\/p>\n\n\n\n<figure class=\"wp-block-image aligncenter size-large is-resized is-style-rounded\"><img loading=\"lazy\" src=\"http:\/\/gferrari.com.br\/wp-content\/uploads\/2021\/05\/customer-1.jpg\" alt=\"\" class=\"wp-image-79\" width=\"50\" height=\"50\" srcset=\"http:\/\/gferrari.com.br\/wp-content\/uploads\/2021\/05\/customer-1.jpg 200w, http:\/\/gferrari.com.br\/wp-content\/uploads\/2021\/05\/customer-1-150x150.jpg 150w\" sizes=\"(max-width: 50px) 100vw, 50px\" \/><\/figure>\n\n\n\n<p class=\"has-text-align-center\">Bryan Cirius<\/p>\n<\/div>\n\n\n\n<div class=\"wp-container-10 wp-block-column\">\n<p class=\"has-text-align-center\">Sed ut pers piciatis unde omnis iste natus error sit volup tatem accus antium dolore mque laudan tium, totam rem aperiam, eaque ipsa quae ab illo inventore.<\/p>\n\n\n\n<figure class=\"wp-block-image aligncenter size-large is-resized is-style-rounded\"><img loading=\"lazy\" src=\"http:\/\/gferrari.com.br\/wp-content\/uploads\/2021\/05\/customer-3.jpg\" alt=\"\" class=\"wp-image-84\" width=\"50\" height=\"50\" srcset=\"http:\/\/gferrari.com.br\/wp-content\/uploads\/2021\/05\/customer-3.jpg 200w, http:\/\/gferrari.com.br\/wp-content\/uploads\/2021\/05\/customer-3-150x150.jpg 150w\" sizes=\"(max-width: 50px) 100vw, 50px\" \/><\/figure>\n\n\n\n<p class=\"has-text-align-center\">Jane Dowser<\/p>\n<\/div>\n<\/div>\n\n\n\n<div class=\"wp-container-15 wp-block-columns alignwide\">\n<div class=\"wp-container-12 wp-block-column\">\n<p class=\"has-text-align-center\">Sed ut pers piciatis unde omnis iste natus error sit volup tatem accus antium dolore mque laudan tium, totam rem aperiam, eaque ipsa quae ab illo inventore.<\/p>\n\n\n\n<figure class=\"wp-block-image aligncenter size-large is-resized is-style-rounded\"><img loading=\"lazy\" src=\"http:\/\/gferrari.com.br\/wp-content\/uploads\/2021\/05\/customer-1.jpg\" alt=\"\" class=\"wp-image-79\" width=\"50\" height=\"50\" srcset=\"http:\/\/gferrari.com.br\/wp-content\/uploads\/2021\/05\/customer-1.jpg 200w, http:\/\/gferrari.com.br\/wp-content\/uploads\/2021\/05\/customer-1-150x150.jpg 150w\" sizes=\"(max-width: 50px) 100vw, 50px\" \/><\/figure>\n\n\n\n<p class=\"has-text-align-center\">Martin Foster<\/p>\n<\/div>\n\n\n\n<div class=\"wp-container-13 wp-block-column\">\n<p class=\"has-text-align-center\">Sed ut pers piciatis unde omnis iste natus error sit volup tatem accus antium dolore mque laudan tium, totam rem aperiam, eaque ipsa quae ab illo inventore.<\/p>\n\n\n\n<figure class=\"wp-block-image aligncenter size-large is-resized is-style-rounded\"><img loading=\"lazy\" src=\"http:\/\/gferrari.com.br\/wp-content\/uploads\/2021\/05\/customer-3.jpg\" alt=\"\" class=\"wp-image-84\" width=\"50\" height=\"50\" srcset=\"http:\/\/gferrari.com.br\/wp-content\/uploads\/2021\/05\/customer-3.jpg 200w, http:\/\/gferrari.com.br\/wp-content\/uploads\/2021\/05\/customer-3-150x150.jpg 150w\" sizes=\"(max-width: 50px) 100vw, 50px\" \/><\/figure>\n\n\n\n<p class=\"has-text-align-center\">Bryan Cirius<\/p>\n<\/div>\n\n\n\n<div class=\"wp-container-14 wp-block-column\">\n<p class=\"has-text-align-center\">Sed ut pers piciatis unde omnis iste natus error sit volup tatem accus antium dolore mque laudan tium, totam rem aperiam, eaque ipsa quae ab illo inventore.<\/p>\n\n\n\n<figure class=\"wp-block-image aligncenter size-large is-resized is-style-rounded\"><img loading=\"lazy\" src=\"http:\/\/gferrari.com.br\/wp-content\/uploads\/2021\/06\/customer-4.jpg\" alt=\"\" class=\"wp-image-247\" width=\"50\" height=\"50\" srcset=\"http:\/\/gferrari.com.br\/wp-content\/uploads\/2021\/06\/customer-4.jpg 200w, http:\/\/gferrari.com.br\/wp-content\/uploads\/2021\/06\/customer-4-150x150.jpg 150w\" sizes=\"(max-width: 50px) 100vw, 50px\" \/><\/figure>\n\n\n\n<p class=\"has-text-align-center\">Jane Dowser<\/p>\n<\/div>\n<\/div>\n<\/div><\/div>\n\n\n\n<div class=\"wp-container-22 wp-block-group alignfull has-white-background-color has-background\"><div class=\"wp-block-group__inner-container\">\n<div class=\"wp-container-21 wp-block-columns are-vertically-aligned-center\">\n<div class=\"wp-container-17 wp-block-column is-vertically-aligned-center\">\n<h2>Fale Conosco<\/h2>\n\n\n<div class=\"wpforms-container \" id=\"wpforms-4\"><form id=\"wpforms-form-4\" class=\"wpforms-validate wpforms-form\" data-formid=\"4\" method=\"post\" enctype=\"multipart\/form-data\" action=\"\/index.php?rest_route=%2Fwp%2Fv2%2Fpages%2F855\" data-token=\"0070ba4ef1b92be4e584b5c007844e1b\"><noscript class=\"wpforms-error-noscript\">Ative o JavaScript no seu navegador para preencher este formul\u00e1rio.<\/noscript><div class=\"wpforms-field-container\"><div id=\"wpforms-4-field_0-container\" class=\"wpforms-field wpforms-field-name\" data-field-id=\"0\"><label class=\"wpforms-field-label wpforms-label-hide\" for=\"wpforms-4-field_0\">Name <span class=\"wpforms-required-label\">*<\/span><\/label><input type=\"text\" id=\"wpforms-4-field_0\" class=\"wpforms-field-large wpforms-field-required\" name=\"wpforms[fields][0]\" placeholder=\"Your Name\" required><\/div><div id=\"wpforms-4-field_1-container\" class=\"wpforms-field wpforms-field-email\" data-field-id=\"1\"><label class=\"wpforms-field-label wpforms-label-hide\" for=\"wpforms-4-field_1\">Email <span class=\"wpforms-required-label\">*<\/span><\/label><input type=\"email\" id=\"wpforms-4-field_1\" class=\"wpforms-field-large wpforms-field-required\" name=\"wpforms[fields][1]\" placeholder=\"Email Address\" required><\/div><div id=\"wpforms-4-field_2-container\" class=\"wpforms-field wpforms-field-textarea\" data-field-id=\"2\"><label class=\"wpforms-field-label wpforms-label-hide\" for=\"wpforms-4-field_2\">Message <span class=\"wpforms-required-label\">*<\/span><\/label><textarea id=\"wpforms-4-field_2\" class=\"wpforms-field-medium wpforms-field-required\" name=\"wpforms[fields][2]\" placeholder=\"Message\" required><\/textarea><\/div><\/div><div class=\"wpforms-field wpforms-field-hp\"><label for=\"wpforms-4-field-hp\" class=\"wpforms-field-label\">Comment<\/label><input type=\"text\" name=\"wpforms[hp]\" id=\"wpforms-4-field-hp\" class=\"wpforms-field-medium\"><\/div><div class=\"wpforms-submit-container\"><input type=\"hidden\" name=\"wpforms[id]\" value=\"4\"><input type=\"hidden\" name=\"wpforms[author]\" value=\"1\"><button type=\"submit\" name=\"wpforms[submit]\" id=\"wpforms-submit-4\" class=\"wpforms-submit\" data-alt-text=\"Sending...\" data-submit-text=\"Send Message\" aria-live=\"assertive\" value=\"wpforms-submit\">Send Message<\/button><\/div><\/form><\/div>  <!-- .wpforms-container --><\/div>\n\n\n\n<div class=\"wp-container-20 wp-block-column is-vertically-aligned-center\">\n<div class=\"wp-container-19 wp-block-group\"><div class=\"wp-block-group__inner-container\">\n<figure class=\"wp-block-image size-large\"><img loading=\"lazy\" width=\"1024\" height=\"210\" src=\"http:\/\/gferrari.com.br\/wp-content\/uploads\/2022\/06\/Logo-Final-1024x210.png\" alt=\"\" class=\"wp-image-260\" srcset=\"http:\/\/gferrari.com.br\/wp-content\/uploads\/2022\/06\/Logo-Final-1024x210.png 1024w, http:\/\/gferrari.com.br\/wp-content\/uploads\/2022\/06\/Logo-Final-300x62.png 300w, http:\/\/gferrari.com.br\/wp-content\/uploads\/2022\/06\/Logo-Final-768x158.png 768w, http:\/\/gferrari.com.br\/wp-content\/uploads\/2022\/06\/Logo-Final-1536x315.png 1536w, http:\/\/gferrari.com.br\/wp-content\/uploads\/2022\/06\/Logo-Final-2048x421.png 2048w, http:\/\/gferrari.com.br\/wp-content\/uploads\/2022\/06\/Logo-Final-270x55.png 270w\" sizes=\"(max-width: 1024px) 100vw, 1024px\" \/><\/figure>\n\n\n\n<ul class=\"wp-container-18 is-content-justification-center wp-block-social-links\"><li class=\"wp-social-link wp-social-link-facebook wp-block-social-link\"><a href=\"https:\/\/www.facebook.com\/gferrari.assessoriaconsultoria\"  class=\"wp-block-social-link-anchor\"><svg width=\"24\" height=\"24\" viewBox=\"0 0 24 24\" version=\"1.1\" xmlns=\"http:\/\/www.w3.org\/2000\/svg\" aria-hidden=\"true\" focusable=\"false\"><path d=\"M12 2C6.5 2 2 6.5 2 12c0 5 3.7 9.1 8.4 9.9v-7H7.9V12h2.5V9.8c0-2.5 1.5-3.9 3.8-3.9 1.1 0 2.2.2 2.2.2v2.5h-1.3c-1.2 0-1.6.8-1.6 1.6V12h2.8l-.4 2.9h-2.3v7C18.3 21.1 22 17 22 12c0-5.5-4.5-10-10-10z\"><\/path><\/svg><span class=\"wp-block-social-link-label screen-reader-text\">Facebook<\/span><\/a><\/li><\/ul>\n<\/div><\/div>\n<\/div>\n<\/div>\n<\/div><\/div>\n","protected":false},"excerpt":{"rendered":"<p>Baixo Volume &#8211; Automotivo De acordo com a Portaria Inmetro 110:2022 os componentes automotivos de baixo volume fabricados, importados, distribuidos e comercializados em territ\u00f3rio nacional, devem ser submetidos, compuls\u00f3riamente, \u00e0 avalia\u00e7\u00e3o da conformidade, por meio de Declara\u00e7\u00e3o do Fornecedor. Produtos que fazem parte Amortecedor (ve\u00edculos de passeio) Amortecedor (ve\u00edculos pesados) Bomba el\u00e9trica de combust\u00edvel Buzina &hellip;<\/p>\n<p class=\"read-more\"> <a class=\"\" href=\"http:\/\/gferrari.com.br\/?page_id=855\"> <span class=\"screen-reader-text\">Baixo Volume (Automotivo)<\/span> Leia mais &raquo;<\/a><\/p>\n","protected":false},"author":1,"featured_media":0,"parent":0,"menu_order":0,"comment_status":"closed","ping_status":"closed","template":"","meta":{"om_disable_all_campaigns":false,"_monsterinsights_skip_tracking":false,"_monsterinsights_sitenote_active":false,"_monsterinsights_sitenote_note":"","_monsterinsights_sitenote_category":0,"site-sidebar-layout":"default","site-content-layout":"plain-container","ast-global-header-display":"","ast-main-header-display":"","ast-hfb-above-header-display":"","ast-hfb-below-header-display":"","ast-hfb-mobile-header-display":"","site-post-title":"disabled","ast-breadcrumbs-content":"","ast-featured-img":"","footer-sml-layout":"","theme-transparent-header-meta":"","adv-header-id-meta":"","stick-header-meta":"","header-above-stick-meta":"","header-main-stick-meta":"","header-below-stick-meta":""},"_links":{"self":[{"href":"http:\/\/gferrari.com.br\/index.php?rest_route=\/wp\/v2\/pages\/855"}],"collection":[{"href":"http:\/\/gferrari.com.br\/index.php?rest_route=\/wp\/v2\/pages"}],"about":[{"href":"http:\/\/gferrari.com.br\/index.php?rest_route=\/wp\/v2\/types\/page"}],"author":[{"embeddable":true,"href":"http:\/\/gferrari.com.br\/index.php?rest_route=\/wp\/v2\/users\/1"}],"replies":[{"embeddable":true,"href":"http:\/\/gferrari.com.br\/index.php?rest_route=%2Fwp%2Fv2%2Fcomments&post=855"}],"version-history":[{"count":10,"href":"http:\/\/gferrari.com.br\/index.php?rest_route=\/wp\/v2\/pages\/855\/revisions"}],"predecessor-version":[{"id":1000,"href":"http:\/\/gferrari.com.br\/index.php?rest_route=\/wp\/v2\/pages\/855\/revisions\/1000"}],"wp:attachment":[{"href":"http:\/\/gferrari.com.br\/index.php?rest_route=%2Fwp%2Fv2%2Fmedia&parent=855"}],"curies":[{"name":"wp","href":"https:\/\/api.w.org\/{rel}","templated":true}]}}