{"id":562,"date":"2022-07-28T18:09:10","date_gmt":"2022-07-28T18:09:10","guid":{"rendered":"http:\/\/gferrari.com.br\/?page_id=562"},"modified":"2023-01-19T16:29:26","modified_gmt":"2023-01-19T16:29:26","slug":"declaracao-de-conformidade-do-fornecedor","status":"publish","type":"page","link":"http:\/\/gferrari.com.br\/?page_id=562","title":{"rendered":"Declara\u00e7\u00e3o de Conformidade do fornecedor"},"content":{"rendered":"\n<div class=\"wp-block-cover alignfull is-light\" style=\"min-height:456px\"><span aria-hidden=\"true\" class=\"wp-block-cover__background has-background-dim\" style=\"background-color:#025930\"><\/span><img loading=\"lazy\" width=\"2560\" height=\"1707\" class=\"wp-block-cover__image-background wp-image-634\" alt=\"\" src=\"http:\/\/gferrari.com.br\/wp-content\/uploads\/2022\/08\/young-graphic-designer-working-in-office-scaled.jpg\" data-object-fit=\"cover\" srcset=\"http:\/\/gferrari.com.br\/wp-content\/uploads\/2022\/08\/young-graphic-designer-working-in-office-scaled.jpg 2560w, http:\/\/gferrari.com.br\/wp-content\/uploads\/2022\/08\/young-graphic-designer-working-in-office-300x200.jpg 300w, http:\/\/gferrari.com.br\/wp-content\/uploads\/2022\/08\/young-graphic-designer-working-in-office-1024x683.jpg 1024w, http:\/\/gferrari.com.br\/wp-content\/uploads\/2022\/08\/young-graphic-designer-working-in-office-768x512.jpg 768w, http:\/\/gferrari.com.br\/wp-content\/uploads\/2022\/08\/young-graphic-designer-working-in-office-1536x1024.jpg 1536w, http:\/\/gferrari.com.br\/wp-content\/uploads\/2022\/08\/young-graphic-designer-working-in-office-2048x1365.jpg 2048w\" sizes=\"(max-width: 2560px) 100vw, 2560px\" \/><div class=\"wp-block-cover__inner-container\">\n<h1 class=\"has-white-color has-text-color\"><br>Declara\u00e7\u00e3o de Conformidade do Fornecedor<\/h1>\n<\/div><\/div>\n\n\n\n<div class=\"wp-container-26 wp-block-group alignfull has-ast-global-color-5-background-color has-background\"><div class=\"wp-block-group__inner-container\">\n<div style=\"height:55px\" aria-hidden=\"true\" class=\"wp-block-spacer\"><\/div>\n\n\n\n<div class=\"wp-block-media-text has-media-on-the-right is-stacked-on-mobile is-vertically-aligned-center is-image-fill has-background\" style=\"background-color:#025930;grid-template-columns:auto 42%\"><figure class=\"wp-block-media-text__media\" style=\"background-image:url(http:\/\/gferrari.com.br\/wp-content\/uploads\/2022\/07\/male-worker-writing-on-clipboard-1024x683.jpg);background-position:50% 50%\"><img loading=\"lazy\" width=\"1024\" height=\"683\" src=\"http:\/\/gferrari.com.br\/wp-content\/uploads\/2022\/07\/male-worker-writing-on-clipboard-1024x683.jpg\" alt=\"\" class=\"wp-image-502 size-full\" srcset=\"http:\/\/gferrari.com.br\/wp-content\/uploads\/2022\/07\/male-worker-writing-on-clipboard-1024x683.jpg 1024w, http:\/\/gferrari.com.br\/wp-content\/uploads\/2022\/07\/male-worker-writing-on-clipboard-300x200.jpg 300w, http:\/\/gferrari.com.br\/wp-content\/uploads\/2022\/07\/male-worker-writing-on-clipboard-768x512.jpg 768w, http:\/\/gferrari.com.br\/wp-content\/uploads\/2022\/07\/male-worker-writing-on-clipboard-1536x1024.jpg 1536w, http:\/\/gferrari.com.br\/wp-content\/uploads\/2022\/07\/male-worker-writing-on-clipboard-2048x1365.jpg 2048w\" sizes=\"(max-width: 1024px) 100vw, 1024px\" \/><\/figure><div class=\"wp-block-media-text__content\">\n<div class=\"wp-container-1 wp-block-group\"><div class=\"wp-block-group__inner-container\">\n<p class=\"has-ast-global-color-5-color has-text-color\">Declara\u00e7\u00e3o do Fornecedor :. Este mecanismo de Avalia\u00e7\u00e3o da Conformidade \u00e9 o processo pelo qual um fornecedor, sob condi\u00e7\u00f5es pr\u00e9-estabelecidas, d\u00e1 garantia escrita de que um produto, processo ou servi\u00e7o est\u00e1 em conformidade com requisitos especificados, sendo assim, tamb\u00e9m conhecida como Avalia\u00e7\u00e3o de Conformidade de 1\u00ba parte.<\/p>\n<\/div><\/div>\n<\/div><\/div>\n\n\n\n<div class=\"wp-container-2 wp-block-group alignfull has-ast-global-color-5-background-color has-background\"><div class=\"wp-block-group__inner-container\">\n<div class=\"wp-block-media-text alignwide is-stacked-on-mobile\" style=\"grid-template-columns:36% auto\"><figure class=\"wp-block-media-text__media\"><img loading=\"lazy\" width=\"683\" height=\"1024\" src=\"http:\/\/gferrari.com.br\/wp-content\/uploads\/2022\/08\/doctor-working-on-laptop-683x1024.jpg\" alt=\"\" class=\"wp-image-759 size-full\" srcset=\"http:\/\/gferrari.com.br\/wp-content\/uploads\/2022\/08\/doctor-working-on-laptop-683x1024.jpg 683w, http:\/\/gferrari.com.br\/wp-content\/uploads\/2022\/08\/doctor-working-on-laptop-200x300.jpg 200w, http:\/\/gferrari.com.br\/wp-content\/uploads\/2022\/08\/doctor-working-on-laptop-768x1151.jpg 768w, http:\/\/gferrari.com.br\/wp-content\/uploads\/2022\/08\/doctor-working-on-laptop-1025x1536.jpg 1025w, http:\/\/gferrari.com.br\/wp-content\/uploads\/2022\/08\/doctor-working-on-laptop-scaled.jpg 1709w\" sizes=\"(max-width: 683px) 100vw, 683px\" \/><\/figure><div class=\"wp-block-media-text__content\">\n<h2><strong>Etapas do Processo de Declara\u00e7\u00e3o do Fornecedor<\/strong><\/h2>\n\n\n\n<p>De forma geral, podemos dividir o processo de certifica\u00e7\u00e3o em distintas etapas, sendo elas:<\/p>\n\n\n\n<p>&#8211; <em>Documenta\u00e7\u00e3o<\/em>: documentos como PET \u2013 Planilha de Especifica\u00e7\u00f5es T\u00e9cnicas, entre outros, ser\u00e3o necess\u00e1rios.<\/p>\n\n\n\n<p>&#8211; <em>Ensaios no Produto<\/em>: o produto dever\u00e1 ser submetido a testes para sua aprova\u00e7\u00e3o e classifica\u00e7\u00e3o<\/p>\n\n\n\n<p>&#8211; <em>Etiquetagem<\/em>: a etiquetagem \u00e9 uma etapa posterior a Declara\u00e7\u00e3o de Conformidade do Fornecedor, onde o fornecedor deve aplicar o n\u00famero de registro obtido no Selo de Identifica\u00e7\u00e3o da Conformidade, que dever\u00e1 ser aposto no produto ou em sua embalagem.<\/p>\n\n\n\n<p><em>Validade<\/em>: A validade da declara\u00e7\u00e3o da conformidade do fornecedor deve ser de acordo com a Portaria Inmetro de refer\u00eancia.<\/p>\n<\/div><\/div>\n<\/div><\/div>\n\n\n\n<div class=\"wp-container-4 wp-block-group alignfull has-ast-global-color-5-background-color has-background\"><div class=\"wp-block-group__inner-container\">\n<div class=\"wp-block-media-text has-media-on-the-right is-stacked-on-mobile is-vertically-aligned-center has-background\" style=\"background-color:#025930;grid-template-columns:auto 44%\"><figure class=\"wp-block-media-text__media\"><img loading=\"lazy\" width=\"1024\" height=\"683\" src=\"http:\/\/gferrari.com.br\/wp-content\/uploads\/2022\/08\/serious-businessman-working-with-analysis-financial-at-office-1024x683.jpg\" alt=\"\" class=\"wp-image-849 size-full\" srcset=\"http:\/\/gferrari.com.br\/wp-content\/uploads\/2022\/08\/serious-businessman-working-with-analysis-financial-at-office-1024x683.jpg 1024w, http:\/\/gferrari.com.br\/wp-content\/uploads\/2022\/08\/serious-businessman-working-with-analysis-financial-at-office-300x200.jpg 300w, http:\/\/gferrari.com.br\/wp-content\/uploads\/2022\/08\/serious-businessman-working-with-analysis-financial-at-office-768x513.jpg 768w, http:\/\/gferrari.com.br\/wp-content\/uploads\/2022\/08\/serious-businessman-working-with-analysis-financial-at-office-1536x1025.jpg 1536w, http:\/\/gferrari.com.br\/wp-content\/uploads\/2022\/08\/serious-businessman-working-with-analysis-financial-at-office-2048x1367.jpg 2048w\" sizes=\"(max-width: 1024px) 100vw, 1024px\" \/><\/figure><div class=\"wp-block-media-text__content\">\n<div class=\"wp-container-3 wp-block-group\"><div class=\"wp-block-group__inner-container\">\n<h2 class=\"has-text-align-center has-white-color has-text-color\"><br><strong><strong>Principais problemas no processo de certifica\u00e7\u00e3o<\/strong><\/strong><\/h2>\n\n\n\n<p class=\"has-ast-global-color-5-color has-text-color\">&#8211; Altos Custos, devido \u00e0 falta de conhecimento<\/p>\n\n\n\n<p class=\"has-ast-global-color-5-color has-text-color\">&#8211; Falta de tempo<\/p>\n\n\n\n<p class=\"has-ast-global-color-5-color has-text-color\">&#8211; Falta de suporte e car\u00eancia de informa\u00e7\u00f5es<\/p>\n\n\n\n<p class=\"has-ast-global-color-5-color has-text-color\">&#8211; Dificuldade para tratamento de n\u00e3o conformidades<\/p>\n<\/div><\/div>\n<\/div><\/div>\n<\/div><\/div>\n\n\n\n<div class=\"wp-block-cover alignfull\" style=\"min-height:200px\"><span aria-hidden=\"true\" class=\"wp-block-cover__background has-ast-global-color-5-background-color has-background-dim-100 has-background-dim\"><\/span><div class=\"wp-block-cover__inner-container\">\n<div class=\"wp-block-media-text is-stacked-on-mobile is-vertically-aligned-center\"><figure class=\"wp-block-media-text__media\"><img loading=\"lazy\" width=\"1024\" height=\"683\" src=\"http:\/\/gferrari.com.br\/wp-content\/uploads\/2022\/08\/business-concept-with-copy-space-office-desk-table-with-pen-focus-and-analysis-chart-computer-notebook-cup-of-coffee-on-desk-vintage-tone-retro-filter-selective-focus-1-1024x683.jpg\" alt=\"\" class=\"wp-image-762 size-full\" srcset=\"http:\/\/gferrari.com.br\/wp-content\/uploads\/2022\/08\/business-concept-with-copy-space-office-desk-table-with-pen-focus-and-analysis-chart-computer-notebook-cup-of-coffee-on-desk-vintage-tone-retro-filter-selective-focus-1-1024x683.jpg 1024w, http:\/\/gferrari.com.br\/wp-content\/uploads\/2022\/08\/business-concept-with-copy-space-office-desk-table-with-pen-focus-and-analysis-chart-computer-notebook-cup-of-coffee-on-desk-vintage-tone-retro-filter-selective-focus-1-300x200.jpg 300w, http:\/\/gferrari.com.br\/wp-content\/uploads\/2022\/08\/business-concept-with-copy-space-office-desk-table-with-pen-focus-and-analysis-chart-computer-notebook-cup-of-coffee-on-desk-vintage-tone-retro-filter-selective-focus-1-768x512.jpg 768w, http:\/\/gferrari.com.br\/wp-content\/uploads\/2022\/08\/business-concept-with-copy-space-office-desk-table-with-pen-focus-and-analysis-chart-computer-notebook-cup-of-coffee-on-desk-vintage-tone-retro-filter-selective-focus-1-1536x1024.jpg 1536w, http:\/\/gferrari.com.br\/wp-content\/uploads\/2022\/08\/business-concept-with-copy-space-office-desk-table-with-pen-focus-and-analysis-chart-computer-notebook-cup-of-coffee-on-desk-vintage-tone-retro-filter-selective-focus-1-2048x1365.jpg 2048w\" sizes=\"(max-width: 1024px) 100vw, 1024px\" \/><\/figure><div class=\"wp-block-media-text__content\">\n<div class=\"wp-container-5 wp-block-group\"><div class=\"wp-block-group__inner-container\">\n<h2 class=\"has-text-align-center has-ast-global-color-1-color has-text-color\"><strong>Como a GFerrari Certifica\u00e7\u00f5es pode me ajudar?<\/strong><\/h2>\n\n\n\n<p class=\"has-ast-global-color-3-color has-text-color\">&#8211; Todo suporte t\u00e9cnico, desde o cadastro no sistema Orquestra do Inmetro, modelos de documentos, at\u00e9 obten\u00e7\u00e3o do n\u00famero de registro e elabora\u00e7\u00e3o de etiquetas.<\/p>\n\n\n\n<p class=\"has-ast-global-color-3-color has-text-color\">&#8211; Economia do seu dinheiro $$ e tempo.<\/p>\n\n\n\n<p class=\"has-ast-global-color-3-color has-text-color\">&#8211; Preven\u00e7\u00e3o de multas, de mercadorias irregulares ou no porto ou no com\u00e9rcio.<\/p>\n\n\n\n<p class=\"has-ast-global-color-3-color has-text-color\">&#8211; Velocidade no processo.<\/p>\n<\/div><\/div>\n<\/div><\/div>\n<\/div><\/div>\n\n\n\n<div class=\"wp-container-19 wp-block-group alignfull has-ast-global-color-5-background-color has-background\"><div class=\"wp-block-group__inner-container\">\n<h2 class=\"has-text-align-center\">ESCOPOS<\/h2>\n\n\n\n<div class=\"wp-container-11 wp-block-columns alignwide\">\n<div class=\"wp-container-6 wp-block-column\">\n<figure class=\"wp-block-image size-large\"><img loading=\"lazy\" width=\"1024\" height=\"682\" src=\"http:\/\/gferrari.com.br\/wp-content\/uploads\/2022\/06\/alternative-cell-clean-21761-1024x682.jpg\" alt=\"alternative, cell, clean-21761.jpg\" class=\"wp-image-330\" srcset=\"http:\/\/gferrari.com.br\/wp-content\/uploads\/2022\/06\/alternative-cell-clean-21761-1024x682.jpg 1024w, http:\/\/gferrari.com.br\/wp-content\/uploads\/2022\/06\/alternative-cell-clean-21761-300x200.jpg 300w, http:\/\/gferrari.com.br\/wp-content\/uploads\/2022\/06\/alternative-cell-clean-21761-768x512.jpg 768w, http:\/\/gferrari.com.br\/wp-content\/uploads\/2022\/06\/alternative-cell-clean-21761.jpg 1280w\" sizes=\"(max-width: 1024px) 100vw, 1024px\" \/><\/figure>\n\n\n\n<h4 class=\"has-text-align-center\">M\u00f3dulos<strong> Fotovoltaicos <\/strong>(Placas Solares)<\/h4>\n\n\n\n<p>De acordo com a Portaria Inmetro 140:2022, equipamentos de gera\u00e7\u00e3o, condicionamento e armazenamento de energia el\u00e9trica em sistemas fotovoltaicos (solares) devem (obrigat\u00f3rio\/compuls\u00f3rio) estar certificados para fins de importa\u00e7\u00e3o e comercializa\u00e7\u00e3o no Brasil.<\/p>\n<\/div>\n\n\n\n<div class=\"wp-container-9 wp-block-column\">\n<figure class=\"wp-container-8 wp-block-gallery-7 wp-block-gallery aligncenter has-nested-images columns-default is-cropped\">\n<figure class=\"wp-block-image size-large\"><img loading=\"lazy\" width=\"1024\" height=\"586\" src=\"http:\/\/gferrari.com.br\/wp-content\/uploads\/2022\/09\/embalagem-baixo-volume-1-1024x586.jpg\" alt=\"\" class=\"wp-image-977\" srcset=\"http:\/\/gferrari.com.br\/wp-content\/uploads\/2022\/09\/embalagem-baixo-volume-1-1024x586.jpg 1024w, http:\/\/gferrari.com.br\/wp-content\/uploads\/2022\/09\/embalagem-baixo-volume-1-300x172.jpg 300w, http:\/\/gferrari.com.br\/wp-content\/uploads\/2022\/09\/embalagem-baixo-volume-1-768x440.jpg 768w, http:\/\/gferrari.com.br\/wp-content\/uploads\/2022\/09\/embalagem-baixo-volume-1.jpg 1196w\" sizes=\"(max-width: 1024px) 100vw, 1024px\" \/><\/figure>\n<figcaption class=\"blocks-gallery-caption\"> <\/figcaption><\/figure>\n\n\n\n<h2 class=\"has-text-align-center has-medium-font-size\">Baixo Volume (Automotivo)<\/h2>\n\n\n\n<p>Conforme Portaria Inmetro 110:2022, fica estabelecido o Regulamento Consolidado para Componentes Automotivos de Baixo Volume, na forma dos Requisitos de Avalia\u00e7\u00e3o da Conformidade e das Especifica\u00e7\u00f5es para o Selo de Identifica\u00e7\u00e3o da Conformidade, para fins de fabrica\u00e7\u00e3o, importa\u00e7\u00e3o, distribui\u00e7\u00e3o e comercializa\u00e7\u00e3o de forma a n\u00e3o oferecer riscos que comprometam a seguran\u00e7a do usu\u00e1rio.<\/p>\n<\/div>\n\n\n\n<div class=\"wp-container-10 wp-block-column\">\n<figure class=\"wp-block-image size-large\"><img loading=\"lazy\" width=\"1024\" height=\"683\" src=\"http:\/\/gferrari.com.br\/wp-content\/uploads\/2022\/08\/car-mechanic-changing-wheels-in-car-1024x683.jpg\" alt=\"\" class=\"wp-image-852\" srcset=\"http:\/\/gferrari.com.br\/wp-content\/uploads\/2022\/08\/car-mechanic-changing-wheels-in-car-1024x683.jpg 1024w, http:\/\/gferrari.com.br\/wp-content\/uploads\/2022\/08\/car-mechanic-changing-wheels-in-car-300x200.jpg 300w, http:\/\/gferrari.com.br\/wp-content\/uploads\/2022\/08\/car-mechanic-changing-wheels-in-car-768x512.jpg 768w, http:\/\/gferrari.com.br\/wp-content\/uploads\/2022\/08\/car-mechanic-changing-wheels-in-car-1536x1024.jpg 1536w, http:\/\/gferrari.com.br\/wp-content\/uploads\/2022\/08\/car-mechanic-changing-wheels-in-car-2048x1365.jpg 2048w\" sizes=\"(max-width: 1024px) 100vw, 1024px\" \/><\/figure>\n\n\n\n<h4 class=\"has-text-align-center\">Servi\u00e7os de Reforma de Pneus<\/h4>\n\n\n\n<p>De acordo com a Portaria Inmetro 433:2021 est\u00e1 aprovado o Regulamento T\u00e9cnico da Qualidade \u2013 RTQ e os Requisitos de Avalia\u00e7\u00e3o da Conformidade &#8211; RAC para Reforma de Pneus. Os fornecedores de servi\u00e7o de reforma de pneus dever\u00e3o atender integralmente ao disposto no presente Regulamento.<\/p>\n<\/div>\n<\/div>\n\n\n\n<div style=\"height:70px\" aria-hidden=\"true\" class=\"wp-block-spacer\"><\/div>\n\n\n\n<div class=\"wp-container-18 wp-block-columns\">\n<div class=\"wp-container-13 wp-block-column\">\n<div class=\"wp-container-12 is-content-justification-center wp-block-buttons\">\n<div class=\"wp-block-button\"><a class=\"wp-block-button__link\" href=\"http:\/\/gferrari.com.br\/?page_id=380\">Mais Sobre<\/a><\/div>\n<\/div>\n<\/div>\n\n\n\n<div class=\"wp-container-15 wp-block-column\">\n<div class=\"wp-container-14 is-content-justification-center wp-block-buttons\">\n<div class=\"wp-block-button\"><a class=\"wp-block-button__link\" href=\"http:\/\/gferrari.com.br\/?page_id=855\">Mais Sobre<\/a><\/div>\n<\/div>\n<\/div>\n\n\n\n<div class=\"wp-container-17 wp-block-column\">\n<div class=\"wp-container-16 is-content-justification-center wp-block-buttons\">\n<div class=\"wp-block-button\"><a class=\"wp-block-button__link\" href=\"http:\/\/gferrari.com.br\/?page_id=869\">Mais Sobre<\/a><\/div>\n<\/div>\n<\/div>\n<\/div>\n\n\n\n<div style=\"height:50px\" aria-hidden=\"true\" class=\"wp-block-spacer\"><\/div>\n\n\n\n<div style=\"height:35px\" aria-hidden=\"true\" class=\"wp-block-spacer\"><\/div>\n<\/div><\/div>\n\n\n\n<div class=\"wp-container-25 wp-block-group alignfull has-white-background-color has-background\"><div class=\"wp-block-group__inner-container\">\n<div class=\"wp-container-24 wp-block-columns are-vertically-aligned-center\">\n<div class=\"wp-container-20 wp-block-column is-vertically-aligned-center\">\n<h2>Fale Conosco<\/h2>\n\n\n<div class=\"wpforms-container \" id=\"wpforms-4\"><form id=\"wpforms-form-4\" class=\"wpforms-validate wpforms-form\" data-formid=\"4\" method=\"post\" enctype=\"multipart\/form-data\" action=\"\/index.php?rest_route=%2Fwp%2Fv2%2Fpages%2F562\" data-token=\"0070ba4ef1b92be4e584b5c007844e1b\"><noscript class=\"wpforms-error-noscript\">Ative o JavaScript no seu navegador para preencher este formul\u00e1rio.<\/noscript><div class=\"wpforms-field-container\"><div id=\"wpforms-4-field_0-container\" class=\"wpforms-field wpforms-field-name\" data-field-id=\"0\"><label class=\"wpforms-field-label wpforms-label-hide\" for=\"wpforms-4-field_0\">Name <span class=\"wpforms-required-label\">*<\/span><\/label><input type=\"text\" id=\"wpforms-4-field_0\" class=\"wpforms-field-large wpforms-field-required\" name=\"wpforms[fields][0]\" placeholder=\"Your Name\" required><\/div><div id=\"wpforms-4-field_1-container\" class=\"wpforms-field wpforms-field-email\" data-field-id=\"1\"><label class=\"wpforms-field-label wpforms-label-hide\" for=\"wpforms-4-field_1\">Email <span class=\"wpforms-required-label\">*<\/span><\/label><input type=\"email\" id=\"wpforms-4-field_1\" class=\"wpforms-field-large wpforms-field-required\" name=\"wpforms[fields][1]\" placeholder=\"Email Address\" required><\/div><div id=\"wpforms-4-field_2-container\" class=\"wpforms-field wpforms-field-textarea\" data-field-id=\"2\"><label class=\"wpforms-field-label wpforms-label-hide\" for=\"wpforms-4-field_2\">Message <span class=\"wpforms-required-label\">*<\/span><\/label><textarea id=\"wpforms-4-field_2\" class=\"wpforms-field-medium wpforms-field-required\" name=\"wpforms[fields][2]\" placeholder=\"Message\" required><\/textarea><\/div><\/div><div class=\"wpforms-field wpforms-field-hp\"><label for=\"wpforms-4-field-hp\" class=\"wpforms-field-label\">Message<\/label><input type=\"text\" name=\"wpforms[hp]\" id=\"wpforms-4-field-hp\" class=\"wpforms-field-medium\"><\/div><div class=\"wpforms-submit-container\"><input type=\"hidden\" name=\"wpforms[id]\" value=\"4\"><input type=\"hidden\" name=\"wpforms[author]\" value=\"1\"><button type=\"submit\" name=\"wpforms[submit]\" id=\"wpforms-submit-4\" class=\"wpforms-submit\" data-alt-text=\"Sending...\" data-submit-text=\"Send Message\" aria-live=\"assertive\" value=\"wpforms-submit\">Send Message<\/button><\/div><\/form><\/div>  <!-- .wpforms-container --><\/div>\n\n\n\n<div class=\"wp-container-23 wp-block-column is-vertically-aligned-center\">\n<div class=\"wp-container-22 wp-block-group\"><div class=\"wp-block-group__inner-container\">\n<figure class=\"wp-block-image size-large\"><img loading=\"lazy\" width=\"1024\" height=\"210\" src=\"http:\/\/gferrari.com.br\/wp-content\/uploads\/2022\/06\/Logo-Final-1024x210.png\" alt=\"\" class=\"wp-image-260\" srcset=\"http:\/\/gferrari.com.br\/wp-content\/uploads\/2022\/06\/Logo-Final-1024x210.png 1024w, http:\/\/gferrari.com.br\/wp-content\/uploads\/2022\/06\/Logo-Final-300x62.png 300w, http:\/\/gferrari.com.br\/wp-content\/uploads\/2022\/06\/Logo-Final-768x158.png 768w, http:\/\/gferrari.com.br\/wp-content\/uploads\/2022\/06\/Logo-Final-1536x315.png 1536w, http:\/\/gferrari.com.br\/wp-content\/uploads\/2022\/06\/Logo-Final-2048x421.png 2048w, http:\/\/gferrari.com.br\/wp-content\/uploads\/2022\/06\/Logo-Final-270x55.png 270w\" sizes=\"(max-width: 1024px) 100vw, 1024px\" \/><\/figure>\n\n\n\n<ul class=\"wp-container-21 is-content-justification-center wp-block-social-links\"><li class=\"wp-social-link wp-social-link-facebook wp-block-social-link\"><a href=\"#\"  class=\"wp-block-social-link-anchor\"><svg width=\"24\" height=\"24\" viewBox=\"0 0 24 24\" version=\"1.1\" xmlns=\"http:\/\/www.w3.org\/2000\/svg\" aria-hidden=\"true\" focusable=\"false\"><path d=\"M12 2C6.5 2 2 6.5 2 12c0 5 3.7 9.1 8.4 9.9v-7H7.9V12h2.5V9.8c0-2.5 1.5-3.9 3.8-3.9 1.1 0 2.2.2 2.2.2v2.5h-1.3c-1.2 0-1.6.8-1.6 1.6V12h2.8l-.4 2.9h-2.3v7C18.3 21.1 22 17 22 12c0-5.5-4.5-10-10-10z\"><\/path><\/svg><span class=\"wp-block-social-link-label screen-reader-text\">Facebook<\/span><\/a><\/li><\/ul>\n<\/div><\/div>\n<\/div>\n<\/div>\n<\/div><\/div>\n<\/div><\/div>\n","protected":false},"excerpt":{"rendered":"<p>Declara\u00e7\u00e3o do Fornecedor :. Este mecanismo de Avalia\u00e7\u00e3o da Conformidade \u00e9 o processo pelo qual um fornecedor, sob condi\u00e7\u00f5es pr\u00e9-estabelecidas, d\u00e1 garantia escrita de que um produto, processo ou servi\u00e7o est\u00e1 em conformidade com requisitos especificados, sendo assim, tamb\u00e9m conhecida como Avalia\u00e7\u00e3o de Conformidade de 1\u00ba parte. Etapas do Processo de Declara\u00e7\u00e3o do Fornecedor De &hellip;<\/p>\n<p class=\"read-more\"> <a class=\"\" href=\"http:\/\/gferrari.com.br\/?page_id=562\"> <span class=\"screen-reader-text\">Declara\u00e7\u00e3o de Conformidade do fornecedor<\/span> Leia mais &raquo;<\/a><\/p>\n","protected":false},"author":1,"featured_media":0,"parent":0,"menu_order":0,"comment_status":"closed","ping_status":"closed","template":"","meta":{"om_disable_all_campaigns":false,"_monsterinsights_skip_tracking":false,"_monsterinsights_sitenote_active":false,"_monsterinsights_sitenote_note":"","_monsterinsights_sitenote_category":0,"site-sidebar-layout":"default","site-content-layout":"page-builder","ast-global-header-display":"","ast-main-header-display":"","ast-hfb-above-header-display":"","ast-hfb-below-header-display":"","ast-hfb-mobile-header-display":"","site-post-title":"disabled","ast-breadcrumbs-content":"","ast-featured-img":"","footer-sml-layout":"","theme-transparent-header-meta":"","adv-header-id-meta":"","stick-header-meta":"","header-above-stick-meta":"","header-main-stick-meta":"","header-below-stick-meta":""},"_links":{"self":[{"href":"http:\/\/gferrari.com.br\/index.php?rest_route=\/wp\/v2\/pages\/562"}],"collection":[{"href":"http:\/\/gferrari.com.br\/index.php?rest_route=\/wp\/v2\/pages"}],"about":[{"href":"http:\/\/gferrari.com.br\/index.php?rest_route=\/wp\/v2\/types\/page"}],"author":[{"embeddable":true,"href":"http:\/\/gferrari.com.br\/index.php?rest_route=\/wp\/v2\/users\/1"}],"replies":[{"embeddable":true,"href":"http:\/\/gferrari.com.br\/index.php?rest_route=%2Fwp%2Fv2%2Fcomments&post=562"}],"version-history":[{"count":69,"href":"http:\/\/gferrari.com.br\/index.php?rest_route=\/wp\/v2\/pages\/562\/revisions"}],"predecessor-version":[{"id":1019,"href":"http:\/\/gferrari.com.br\/index.php?rest_route=\/wp\/v2\/pages\/562\/revisions\/1019"}],"wp:attachment":[{"href":"http:\/\/gferrari.com.br\/index.php?rest_route=%2Fwp%2Fv2%2Fmedia&parent=562"}],"curies":[{"name":"wp","href":"https:\/\/api.w.org\/{rel}","templated":true}]}}