{"id":449,"date":"2022-07-13T21:43:29","date_gmt":"2022-07-13T21:43:29","guid":{"rendered":"http:\/\/gferrari.com.br\/?page_id=449"},"modified":"2023-01-16T22:05:37","modified_gmt":"2023-01-16T22:05:37","slug":"registro","status":"publish","type":"page","link":"http:\/\/gferrari.com.br\/?page_id=449","title":{"rendered":"Registro"},"content":{"rendered":"\n<div class=\"wp-block-cover alignfull is-light\" style=\"min-height:422px\"><span aria-hidden=\"true\" class=\"wp-block-cover__background has-background-dim\" style=\"background-color:#025930\"><\/span><img loading=\"lazy\" width=\"2560\" height=\"1707\" class=\"wp-block-cover__image-background wp-image-545\" alt=\"\" src=\"http:\/\/gferrari.com.br\/wp-content\/uploads\/2022\/07\/Registro-scaled.jpg\" data-object-fit=\"cover\" srcset=\"http:\/\/gferrari.com.br\/wp-content\/uploads\/2022\/07\/Registro-scaled.jpg 2560w, http:\/\/gferrari.com.br\/wp-content\/uploads\/2022\/07\/Registro-300x200.jpg 300w, http:\/\/gferrari.com.br\/wp-content\/uploads\/2022\/07\/Registro-1024x683.jpg 1024w, http:\/\/gferrari.com.br\/wp-content\/uploads\/2022\/07\/Registro-768x512.jpg 768w, http:\/\/gferrari.com.br\/wp-content\/uploads\/2022\/07\/Registro-1536x1024.jpg 1536w, http:\/\/gferrari.com.br\/wp-content\/uploads\/2022\/07\/Registro-2048x1365.jpg 2048w\" sizes=\"(max-width: 2560px) 100vw, 2560px\" \/><div class=\"wp-block-cover__inner-container\">\n<h2 class=\"has-ast-global-color-5-color has-text-color\" style=\"font-size:55px\">Registro<\/h2>\n<\/div><\/div>\n\n\n\n<div class=\"wp-container-8 wp-block-group alignfull has-ast-global-color-5-background-color has-background\"><div class=\"wp-block-group__inner-container\">\n<div class=\"wp-block-media-text alignwide is-stacked-on-mobile\" style=\"grid-template-columns:34% auto\"><figure class=\"wp-block-media-text__media\"><img loading=\"lazy\" width=\"683\" height=\"1024\" src=\"http:\/\/gferrari.com.br\/wp-content\/uploads\/2022\/07\/hacker-man-on-laptop-683x1024.jpg\" alt=\"\" class=\"wp-image-555 size-full\" srcset=\"http:\/\/gferrari.com.br\/wp-content\/uploads\/2022\/07\/hacker-man-on-laptop-683x1024.jpg 683w, http:\/\/gferrari.com.br\/wp-content\/uploads\/2022\/07\/hacker-man-on-laptop-200x300.jpg 200w, http:\/\/gferrari.com.br\/wp-content\/uploads\/2022\/07\/hacker-man-on-laptop-768x1152.jpg 768w, http:\/\/gferrari.com.br\/wp-content\/uploads\/2022\/07\/hacker-man-on-laptop-1024x1536.jpg 1024w, http:\/\/gferrari.com.br\/wp-content\/uploads\/2022\/07\/hacker-man-on-laptop-1365x2048.jpg 1365w, http:\/\/gferrari.com.br\/wp-content\/uploads\/2022\/07\/hacker-man-on-laptop-scaled.jpg 1707w\" sizes=\"(max-width: 683px) 100vw, 683px\" \/><\/figure><div class=\"wp-block-media-text__content\">\n<h5>O que \u00e9?<\/h5>\n\n\n\n<h2>Registro de Produtos e Servi\u00e7os<\/h2>\n\n\n\n<p>Registro de produtos, insumos e servi\u00e7os \u00e9 o ato pelo qual o Inmetro autoriza. na forma da Lei, a disponibiliza\u00e7\u00e3o no mercado nacional de um produto, insumo ou servi\u00e7o e a consequente utiliza\u00e7\u00e3o do selo de identifica\u00e7\u00e3o da conformidade. <\/p>\n\n\n\n<p><\/p>\n\n\n\n<p>A concess\u00e3o de um registro \u00e9 condicionada \u00e0 apresenta\u00e7\u00e3o de um Atestado de Conformidade v\u00e1lido (Mecanismo de avalia\u00e7\u00e3o da conformidade &#8211; Certifica\u00e7\u00e3o), relat\u00f3rio de ensaios emitido por laborat\u00f3rio acreditado (Declara\u00e7\u00e3o do Fornecedor &#8211; Produto) ou visita de inspe\u00e7\u00e3o t\u00e9cnica (Declara\u00e7\u00e3o do Fornecedor &#8211; Servi\u00e7o) conforme previsto na Portaria Inmetro n\u00ba 258, de 6 de agosto de 2020.<\/p>\n\n\n\n<div class=\"wp-container-1 wp-block-buttons\"><\/div>\n<\/div><\/div>\n\n\n\n<div style=\"height:125px\" aria-hidden=\"true\" class=\"wp-block-spacer\"><\/div>\n\n\n\n<div class=\"wp-container-2 wp-block-group alignfull has-ast-global-color-5-background-color has-background\"><div class=\"wp-block-group__inner-container\">\n<div class=\"wp-block-media-text has-media-on-the-right is-stacked-on-mobile is-vertically-aligned-center has-background\" style=\"background-color:#02733e\"><figure class=\"wp-block-media-text__media\"><img loading=\"lazy\" width=\"1024\" height=\"684\" src=\"http:\/\/gferrari.com.br\/wp-content\/uploads\/2022\/08\/blue-alarm-clock-on-white-background-1024x684.jpg\" alt=\"\" class=\"wp-image-879 size-full\" srcset=\"http:\/\/gferrari.com.br\/wp-content\/uploads\/2022\/08\/blue-alarm-clock-on-white-background-1024x684.jpg 1024w, http:\/\/gferrari.com.br\/wp-content\/uploads\/2022\/08\/blue-alarm-clock-on-white-background-300x200.jpg 300w, http:\/\/gferrari.com.br\/wp-content\/uploads\/2022\/08\/blue-alarm-clock-on-white-background-768x513.jpg 768w, http:\/\/gferrari.com.br\/wp-content\/uploads\/2022\/08\/blue-alarm-clock-on-white-background-1536x1025.jpg 1536w, http:\/\/gferrari.com.br\/wp-content\/uploads\/2022\/08\/blue-alarm-clock-on-white-background-2048x1367.jpg 2048w\" sizes=\"(max-width: 1024px) 100vw, 1024px\" \/><\/figure><div class=\"wp-block-media-text__content\">\n<p class=\"has-ast-global-color-5-color has-text-color\"><strong>Como a GFerrari Certifica\u00e7\u00f5es pode lhe ajudar quanto ao Registro do<\/strong> <strong>objeto<\/strong><\/p>\n\n\n\n<p class=\"has-ast-global-color-5-color has-text-color\">A GFerrari Certifica\u00e7\u00f5es possui uma equipe de profissionais capacitados paralhe ajudar em obter e gerenciar seus registros, com precis\u00e3o e sem perda de tempo.<\/p>\n\n\n\n<p class=\"has-ast-global-color-5-color has-text-color\">N\u00e3o deixe de consultar, temos o plano adequado para sua empresa.<\/p>\n<\/div><\/div>\n<\/div><\/div>\n\n\n\n<div style=\"height:110px\" aria-hidden=\"true\" class=\"wp-block-spacer\"><\/div>\n\n\n\n<h2 class=\"has-text-align-center\">Mais Sobre Registro<\/h2>\n\n\n\n<div class=\"wp-container-7 wp-block-columns alignwide\">\n<div class=\"wp-container-4 wp-block-column\">\n<div class=\"wp-container-3 is-content-justification-center wp-block-buttons\">\n<div class=\"wp-block-button\"><a class=\"wp-block-button__link\" href=\"https:\/\/www.gov.br\/pt-br\/servicos\/registrar-objeto\" target=\"_blank\" rel=\"noreferrer noopener\">Solicitar Registro<\/a><\/div>\n<\/div>\n<\/div>\n\n\n\n<div class=\"wp-container-6 wp-block-column\">\n<div class=\"wp-container-5 is-content-justification-center wp-block-buttons\">\n<div class=\"wp-block-button\"><a class=\"wp-block-button__link\" href=\"http:\/\/registro.inmetro.gov.br\/consulta\/\" target=\"_blank\" rel=\"noreferrer noopener\">Pesquisar Registro<\/a><\/div>\n<\/div>\n<\/div>\n<\/div>\n<\/div><\/div>\n\n\n\n<div class=\"wp-container-14 wp-block-group alignfull has-white-background-color has-background\"><div class=\"wp-block-group__inner-container\">\n<div class=\"wp-container-13 wp-block-columns are-vertically-aligned-center\">\n<div class=\"wp-container-9 wp-block-column is-vertically-aligned-center\">\n<h2>Fale Conosco<\/h2>\n\n\n<div class=\"wpforms-container \" id=\"wpforms-4\"><form id=\"wpforms-form-4\" class=\"wpforms-validate wpforms-form\" data-formid=\"4\" method=\"post\" enctype=\"multipart\/form-data\" action=\"\/index.php?rest_route=%2Fwp%2Fv2%2Fpages%2F449\" data-token=\"0070ba4ef1b92be4e584b5c007844e1b\"><noscript class=\"wpforms-error-noscript\">Ative o JavaScript no seu navegador para preencher este formul\u00e1rio.<\/noscript><div class=\"wpforms-field-container\"><div id=\"wpforms-4-field_0-container\" class=\"wpforms-field wpforms-field-name\" data-field-id=\"0\"><label class=\"wpforms-field-label wpforms-label-hide\" for=\"wpforms-4-field_0\">Name <span class=\"wpforms-required-label\">*<\/span><\/label><input type=\"text\" id=\"wpforms-4-field_0\" class=\"wpforms-field-large wpforms-field-required\" name=\"wpforms[fields][0]\" placeholder=\"Your Name\" required><\/div><div id=\"wpforms-4-field_1-container\" class=\"wpforms-field wpforms-field-email\" data-field-id=\"1\"><label class=\"wpforms-field-label wpforms-label-hide\" for=\"wpforms-4-field_1\">Email <span class=\"wpforms-required-label\">*<\/span><\/label><input type=\"email\" id=\"wpforms-4-field_1\" class=\"wpforms-field-large wpforms-field-required\" name=\"wpforms[fields][1]\" placeholder=\"Email Address\" required><\/div><div id=\"wpforms-4-field_2-container\" class=\"wpforms-field wpforms-field-textarea\" data-field-id=\"2\"><label class=\"wpforms-field-label wpforms-label-hide\" for=\"wpforms-4-field_2\">Message <span class=\"wpforms-required-label\">*<\/span><\/label><textarea id=\"wpforms-4-field_2\" class=\"wpforms-field-medium wpforms-field-required\" name=\"wpforms[fields][2]\" placeholder=\"Message\" required><\/textarea><\/div><\/div><div class=\"wpforms-field wpforms-field-hp\"><label for=\"wpforms-4-field-hp\" class=\"wpforms-field-label\">Message<\/label><input type=\"text\" name=\"wpforms[hp]\" id=\"wpforms-4-field-hp\" class=\"wpforms-field-medium\"><\/div><div class=\"wpforms-submit-container\"><input type=\"hidden\" name=\"wpforms[id]\" value=\"4\"><input type=\"hidden\" name=\"wpforms[author]\" value=\"1\"><button type=\"submit\" name=\"wpforms[submit]\" id=\"wpforms-submit-4\" class=\"wpforms-submit\" data-alt-text=\"Sending...\" data-submit-text=\"Send Message\" aria-live=\"assertive\" value=\"wpforms-submit\">Send Message<\/button><\/div><\/form><\/div>  <!-- .wpforms-container --><\/div>\n\n\n\n<div class=\"wp-container-12 wp-block-column is-vertically-aligned-center\">\n<div class=\"wp-container-11 wp-block-group\"><div class=\"wp-block-group__inner-container\">\n<figure class=\"wp-block-image size-large\"><img loading=\"lazy\" width=\"1024\" height=\"210\" src=\"http:\/\/gferrari.com.br\/wp-content\/uploads\/2022\/06\/Logo-Final-1024x210.png\" alt=\"\" class=\"wp-image-260\" srcset=\"http:\/\/gferrari.com.br\/wp-content\/uploads\/2022\/06\/Logo-Final-1024x210.png 1024w, http:\/\/gferrari.com.br\/wp-content\/uploads\/2022\/06\/Logo-Final-300x62.png 300w, http:\/\/gferrari.com.br\/wp-content\/uploads\/2022\/06\/Logo-Final-768x158.png 768w, http:\/\/gferrari.com.br\/wp-content\/uploads\/2022\/06\/Logo-Final-1536x315.png 1536w, http:\/\/gferrari.com.br\/wp-content\/uploads\/2022\/06\/Logo-Final-2048x421.png 2048w, http:\/\/gferrari.com.br\/wp-content\/uploads\/2022\/06\/Logo-Final-270x55.png 270w\" sizes=\"(max-width: 1024px) 100vw, 1024px\" \/><\/figure>\n\n\n\n<ul class=\"wp-container-10 is-content-justification-center wp-block-social-links\"><li class=\"wp-social-link wp-social-link-facebook wp-block-social-link\"><a href=\"https:\/\/www.facebook.com\/gferrari.assessoriaconsultoria\"  class=\"wp-block-social-link-anchor\"><svg width=\"24\" height=\"24\" viewBox=\"0 0 24 24\" version=\"1.1\" xmlns=\"http:\/\/www.w3.org\/2000\/svg\" aria-hidden=\"true\" focusable=\"false\"><path d=\"M12 2C6.5 2 2 6.5 2 12c0 5 3.7 9.1 8.4 9.9v-7H7.9V12h2.5V9.8c0-2.5 1.5-3.9 3.8-3.9 1.1 0 2.2.2 2.2.2v2.5h-1.3c-1.2 0-1.6.8-1.6 1.6V12h2.8l-.4 2.9h-2.3v7C18.3 21.1 22 17 22 12c0-5.5-4.5-10-10-10z\"><\/path><\/svg><span class=\"wp-block-social-link-label screen-reader-text\">Facebook<\/span><\/a><\/li><\/ul>\n<\/div><\/div>\n<\/div>\n<\/div>\n<\/div><\/div>\n","protected":false},"excerpt":{"rendered":"<p>O que \u00e9? Registro de Produtos e Servi\u00e7os Registro de produtos, insumos e servi\u00e7os \u00e9 o ato pelo qual o Inmetro autoriza. na forma da Lei, a disponibiliza\u00e7\u00e3o no mercado nacional de um produto, insumo ou servi\u00e7o e a consequente utiliza\u00e7\u00e3o do selo de identifica\u00e7\u00e3o da conformidade. A concess\u00e3o de um registro \u00e9 condicionada \u00e0 &hellip;<\/p>\n<p class=\"read-more\"> <a class=\"\" href=\"http:\/\/gferrari.com.br\/?page_id=449\"> <span class=\"screen-reader-text\">Registro<\/span> Leia mais &raquo;<\/a><\/p>\n","protected":false},"author":1,"featured_media":0,"parent":0,"menu_order":0,"comment_status":"closed","ping_status":"closed","template":"","meta":{"om_disable_all_campaigns":false,"_monsterinsights_skip_tracking":false,"_monsterinsights_sitenote_active":false,"_monsterinsights_sitenote_note":"","_monsterinsights_sitenote_category":0,"site-sidebar-layout":"default","site-content-layout":"page-builder","ast-global-header-display":"","ast-main-header-display":"","ast-hfb-above-header-display":"","ast-hfb-below-header-display":"","ast-hfb-mobile-header-display":"","site-post-title":"disabled","ast-breadcrumbs-content":"","ast-featured-img":"","footer-sml-layout":"","theme-transparent-header-meta":"","adv-header-id-meta":"","stick-header-meta":"","header-above-stick-meta":"","header-main-stick-meta":"","header-below-stick-meta":""},"_links":{"self":[{"href":"http:\/\/gferrari.com.br\/index.php?rest_route=\/wp\/v2\/pages\/449"}],"collection":[{"href":"http:\/\/gferrari.com.br\/index.php?rest_route=\/wp\/v2\/pages"}],"about":[{"href":"http:\/\/gferrari.com.br\/index.php?rest_route=\/wp\/v2\/types\/page"}],"author":[{"embeddable":true,"href":"http:\/\/gferrari.com.br\/index.php?rest_route=\/wp\/v2\/users\/1"}],"replies":[{"embeddable":true,"href":"http:\/\/gferrari.com.br\/index.php?rest_route=%2Fwp%2Fv2%2Fcomments&post=449"}],"version-history":[{"count":34,"href":"http:\/\/gferrari.com.br\/index.php?rest_route=\/wp\/v2\/pages\/449\/revisions"}],"predecessor-version":[{"id":986,"href":"http:\/\/gferrari.com.br\/index.php?rest_route=\/wp\/v2\/pages\/449\/revisions\/986"}],"wp:attachment":[{"href":"http:\/\/gferrari.com.br\/index.php?rest_route=%2Fwp%2Fv2%2Fmedia&parent=449"}],"curies":[{"name":"wp","href":"https:\/\/api.w.org\/{rel}","templated":true}]}}