{"id":448,"date":"2022-07-13T21:43:29","date_gmt":"2022-07-13T21:43:29","guid":{"rendered":"http:\/\/gferrari.com.br\/?page_id=448"},"modified":"2023-01-18T20:23:41","modified_gmt":"2023-01-18T20:23:41","slug":"consultoria","status":"publish","type":"page","link":"http:\/\/gferrari.com.br\/?page_id=448","title":{"rendered":"Consultoria"},"content":{"rendered":"\n<div class=\"wp-block-cover alignfull is-light\" style=\"min-height:424px\"><span aria-hidden=\"true\" class=\"wp-block-cover__background has-background-dim\" style=\"background-color:#025930\"><\/span><img loading=\"lazy\" width=\"2560\" height=\"1707\" class=\"wp-block-cover__image-background wp-image-509\" alt=\"\" src=\"http:\/\/gferrari.com.br\/wp-content\/uploads\/2022\/07\/close-up-of-businessman-with-digital-tablet-scaled.jpg\" data-object-fit=\"cover\" srcset=\"http:\/\/gferrari.com.br\/wp-content\/uploads\/2022\/07\/close-up-of-businessman-with-digital-tablet-scaled.jpg 2560w, http:\/\/gferrari.com.br\/wp-content\/uploads\/2022\/07\/close-up-of-businessman-with-digital-tablet-300x200.jpg 300w, http:\/\/gferrari.com.br\/wp-content\/uploads\/2022\/07\/close-up-of-businessman-with-digital-tablet-1024x683.jpg 1024w, http:\/\/gferrari.com.br\/wp-content\/uploads\/2022\/07\/close-up-of-businessman-with-digital-tablet-768x512.jpg 768w, http:\/\/gferrari.com.br\/wp-content\/uploads\/2022\/07\/close-up-of-businessman-with-digital-tablet-1536x1024.jpg 1536w, http:\/\/gferrari.com.br\/wp-content\/uploads\/2022\/07\/close-up-of-businessman-with-digital-tablet-2048x1365.jpg 2048w\" sizes=\"(max-width: 2560px) 100vw, 2560px\" \/><div class=\"wp-block-cover__inner-container\">\n<h1 class=\"has-white-color has-text-color\">Consultoria<\/h1>\n<\/div><\/div>\n\n\n\n<div class=\"wp-container-1 wp-block-group alignfull has-ast-global-color-5-background-color has-background\"><div class=\"wp-block-group__inner-container\">\n<div class=\"wp-block-media-text alignwide is-stacked-on-mobile has-background\" style=\"background-color:#02733e;grid-template-columns:44% auto\"><figure class=\"wp-block-media-text__media\"><img loading=\"lazy\" width=\"1000\" height=\"668\" src=\"http:\/\/gferrari.com.br\/wp-content\/uploads\/2023\/01\/perfil-do-analista-de-sistemas.jpg\" alt=\"\" class=\"wp-image-1008 size-full\" srcset=\"http:\/\/gferrari.com.br\/wp-content\/uploads\/2023\/01\/perfil-do-analista-de-sistemas.jpg 1000w, http:\/\/gferrari.com.br\/wp-content\/uploads\/2023\/01\/perfil-do-analista-de-sistemas-300x200.jpg 300w, http:\/\/gferrari.com.br\/wp-content\/uploads\/2023\/01\/perfil-do-analista-de-sistemas-768x513.jpg 768w\" sizes=\"(max-width: 1000px) 100vw, 1000px\" \/><\/figure><div class=\"wp-block-media-text__content\">\n<h2 class=\"has-white-color has-text-color\">Consultoria na certifica\u00e7\u00e3o de produtos Inmetro<\/h2>\n\n\n\n<p class=\"has-text-color\" style=\"color:#ffffff\">Orientamos e desenvolvemos o cronograma perfeito para certificar seu produto.<\/p>\n\n\n\n<p class=\"has-text-color\" style=\"color:#ffffff\">Mantemos o contato com os melhores laborat\u00f3rios para que rapidamente seu produto possa ser testado.<\/p>\n\n\n\n<p class=\"has-text-color\" style=\"color:#ffffff\">Desenvolvemos documentos que v\u00e3o ajudar sua empresa a obter a conformidade em rela\u00e7\u00e3o aos requisitos aplic\u00e1veis, como:<\/p>\n\n\n\n<ul class=\"has-ast-global-color-5-color has-text-color\"><li>Controle de Recebimento de material<\/li><\/ul>\n\n\n\n<ul class=\"has-ast-global-color-5-color has-text-color\"><li>Identifica\u00e7\u00e3o e Rastreabilidade de produtos <\/li><\/ul>\n\n\n\n<ul class=\"has-ast-global-color-5-color has-text-color\"><li>Plano de Controle de Produ\u00e7\u00e3o <\/li><\/ul>\n\n\n\n<ul class=\"has-ast-global-color-5-color has-text-color\"><li>Tratamento de Reclama\u00e7\u00f5es<\/li><\/ul>\n\n\n\n<p class=\"has-text-color\" style=\"color:#ffffff\">Acesso via whatsapp a equipe de consultores.<\/p>\n<\/div><\/div>\n<\/div><\/div>\n\n\n\n<div class=\"wp-container-7 wp-block-group alignfull has-white-background-color has-background\"><div class=\"wp-block-group__inner-container\">\n<div class=\"wp-container-6 wp-block-columns are-vertically-aligned-center\">\n<div class=\"wp-container-2 wp-block-column is-vertically-aligned-center\">\n<h2>Fale Conosco<\/h2>\n\n\n<div class=\"wpforms-container \" id=\"wpforms-4\"><form id=\"wpforms-form-4\" class=\"wpforms-validate wpforms-form\" data-formid=\"4\" method=\"post\" enctype=\"multipart\/form-data\" action=\"\/index.php?rest_route=%2Fwp%2Fv2%2Fpages%2F448\" data-token=\"0070ba4ef1b92be4e584b5c007844e1b\"><noscript class=\"wpforms-error-noscript\">Ative o JavaScript no seu navegador para preencher este formul\u00e1rio.<\/noscript><div class=\"wpforms-field-container\"><div id=\"wpforms-4-field_0-container\" class=\"wpforms-field wpforms-field-name\" data-field-id=\"0\"><label class=\"wpforms-field-label wpforms-label-hide\" for=\"wpforms-4-field_0\">Name <span class=\"wpforms-required-label\">*<\/span><\/label><input type=\"text\" id=\"wpforms-4-field_0\" class=\"wpforms-field-large wpforms-field-required\" name=\"wpforms[fields][0]\" placeholder=\"Your Name\" required><\/div><div id=\"wpforms-4-field_1-container\" class=\"wpforms-field wpforms-field-email\" data-field-id=\"1\"><label class=\"wpforms-field-label wpforms-label-hide\" for=\"wpforms-4-field_1\">Email <span class=\"wpforms-required-label\">*<\/span><\/label><input type=\"email\" id=\"wpforms-4-field_1\" class=\"wpforms-field-large wpforms-field-required\" name=\"wpforms[fields][1]\" placeholder=\"Email Address\" required><\/div><div id=\"wpforms-4-field_2-container\" class=\"wpforms-field wpforms-field-textarea\" data-field-id=\"2\"><label class=\"wpforms-field-label wpforms-label-hide\" for=\"wpforms-4-field_2\">Message <span class=\"wpforms-required-label\">*<\/span><\/label><textarea id=\"wpforms-4-field_2\" class=\"wpforms-field-medium wpforms-field-required\" name=\"wpforms[fields][2]\" placeholder=\"Message\" required><\/textarea><\/div><\/div><div class=\"wpforms-field wpforms-field-hp\"><label for=\"wpforms-4-field-hp\" class=\"wpforms-field-label\">Email<\/label><input type=\"text\" name=\"wpforms[hp]\" id=\"wpforms-4-field-hp\" class=\"wpforms-field-medium\"><\/div><div class=\"wpforms-submit-container\"><input type=\"hidden\" name=\"wpforms[id]\" value=\"4\"><input type=\"hidden\" name=\"wpforms[author]\" value=\"1\"><button type=\"submit\" name=\"wpforms[submit]\" id=\"wpforms-submit-4\" class=\"wpforms-submit\" data-alt-text=\"Sending...\" data-submit-text=\"Send Message\" aria-live=\"assertive\" value=\"wpforms-submit\">Send Message<\/button><\/div><\/form><\/div>  <!-- .wpforms-container --><\/div>\n\n\n\n<div class=\"wp-container-5 wp-block-column is-vertically-aligned-center\">\n<div class=\"wp-container-4 wp-block-group\"><div class=\"wp-block-group__inner-container\">\n<figure class=\"wp-block-image size-large\"><img loading=\"lazy\" width=\"1024\" height=\"210\" src=\"http:\/\/gferrari.com.br\/wp-content\/uploads\/2022\/06\/Logo-Final-1024x210.png\" alt=\"\" class=\"wp-image-260\" srcset=\"http:\/\/gferrari.com.br\/wp-content\/uploads\/2022\/06\/Logo-Final-1024x210.png 1024w, http:\/\/gferrari.com.br\/wp-content\/uploads\/2022\/06\/Logo-Final-300x62.png 300w, http:\/\/gferrari.com.br\/wp-content\/uploads\/2022\/06\/Logo-Final-768x158.png 768w, http:\/\/gferrari.com.br\/wp-content\/uploads\/2022\/06\/Logo-Final-1536x315.png 1536w, http:\/\/gferrari.com.br\/wp-content\/uploads\/2022\/06\/Logo-Final-2048x421.png 2048w, http:\/\/gferrari.com.br\/wp-content\/uploads\/2022\/06\/Logo-Final-270x55.png 270w\" sizes=\"(max-width: 1024px) 100vw, 1024px\" \/><\/figure>\n\n\n\n<ul class=\"wp-container-3 is-content-justification-center wp-block-social-links\"><li class=\"wp-social-link wp-social-link-facebook wp-block-social-link\"><a href=\"https:\/\/www.facebook.com\/gferrari.assessoriaconsultoria\"  class=\"wp-block-social-link-anchor\"><svg width=\"24\" height=\"24\" viewBox=\"0 0 24 24\" version=\"1.1\" xmlns=\"http:\/\/www.w3.org\/2000\/svg\" aria-hidden=\"true\" focusable=\"false\"><path d=\"M12 2C6.5 2 2 6.5 2 12c0 5 3.7 9.1 8.4 9.9v-7H7.9V12h2.5V9.8c0-2.5 1.5-3.9 3.8-3.9 1.1 0 2.2.2 2.2.2v2.5h-1.3c-1.2 0-1.6.8-1.6 1.6V12h2.8l-.4 2.9h-2.3v7C18.3 21.1 22 17 22 12c0-5.5-4.5-10-10-10z\"><\/path><\/svg><span class=\"wp-block-social-link-label screen-reader-text\">Facebook<\/span><\/a><\/li><\/ul>\n<\/div><\/div>\n<\/div>\n<\/div>\n<\/div><\/div>\n","protected":false},"excerpt":{"rendered":"<p>Consultoria na certifica\u00e7\u00e3o de produtos Inmetro Orientamos e desenvolvemos o cronograma perfeito para certificar seu produto. Mantemos o contato com os melhores laborat\u00f3rios para que rapidamente seu produto possa ser testado. Desenvolvemos documentos que v\u00e3o ajudar sua empresa a obter a conformidade em rela\u00e7\u00e3o aos requisitos aplic\u00e1veis, como: Controle de Recebimento de material Identifica\u00e7\u00e3o e &hellip;<\/p>\n<p class=\"read-more\"> <a class=\"\" href=\"http:\/\/gferrari.com.br\/?page_id=448\"> <span class=\"screen-reader-text\">Consultoria<\/span> Leia mais &raquo;<\/a><\/p>\n","protected":false},"author":1,"featured_media":0,"parent":0,"menu_order":0,"comment_status":"closed","ping_status":"closed","template":"","meta":{"om_disable_all_campaigns":false,"_monsterinsights_skip_tracking":false,"_monsterinsights_sitenote_active":false,"_monsterinsights_sitenote_note":"","_monsterinsights_sitenote_category":0,"site-sidebar-layout":"default","site-content-layout":"page-builder","ast-global-header-display":"","ast-main-header-display":"","ast-hfb-above-header-display":"","ast-hfb-below-header-display":"","ast-hfb-mobile-header-display":"","site-post-title":"disabled","ast-breadcrumbs-content":"","ast-featured-img":"","footer-sml-layout":"","theme-transparent-header-meta":"","adv-header-id-meta":"","stick-header-meta":"","header-above-stick-meta":"","header-main-stick-meta":"","header-below-stick-meta":""},"_links":{"self":[{"href":"http:\/\/gferrari.com.br\/index.php?rest_route=\/wp\/v2\/pages\/448"}],"collection":[{"href":"http:\/\/gferrari.com.br\/index.php?rest_route=\/wp\/v2\/pages"}],"about":[{"href":"http:\/\/gferrari.com.br\/index.php?rest_route=\/wp\/v2\/types\/page"}],"author":[{"embeddable":true,"href":"http:\/\/gferrari.com.br\/index.php?rest_route=\/wp\/v2\/users\/1"}],"replies":[{"embeddable":true,"href":"http:\/\/gferrari.com.br\/index.php?rest_route=%2Fwp%2Fv2%2Fcomments&post=448"}],"version-history":[{"count":10,"href":"http:\/\/gferrari.com.br\/index.php?rest_route=\/wp\/v2\/pages\/448\/revisions"}],"predecessor-version":[{"id":1011,"href":"http:\/\/gferrari.com.br\/index.php?rest_route=\/wp\/v2\/pages\/448\/revisions\/1011"}],"wp:attachment":[{"href":"http:\/\/gferrari.com.br\/index.php?rest_route=%2Fwp%2Fv2%2Fmedia&parent=448"}],"curies":[{"name":"wp","href":"https:\/\/api.w.org\/{rel}","templated":true}]}}