{"id":2,"date":"2022-06-20T20:48:52","date_gmt":"2022-06-20T20:48:52","guid":{"rendered":"http:\/\/gferrari.com.br\/?page_id=2"},"modified":"2022-09-26T14:34:32","modified_gmt":"2022-09-26T14:34:32","slug":"sample-page","status":"publish","type":"page","link":"http:\/\/gferrari.com.br\/?page_id=2","title":{"rendered":"Representa\u00e7\u00e3o Legal"},"content":{"rendered":"\n<div class=\"wp-block-cover alignfull is-light\" style=\"min-height:445px\"><span aria-hidden=\"true\" class=\"wp-block-cover__background has-background-dim\" style=\"background-color:#025930\"><\/span><img loading=\"lazy\" width=\"2560\" height=\"1707\" class=\"wp-block-cover__image-background wp-image-640\" alt=\"\" src=\"http:\/\/gferrari.com.br\/wp-content\/uploads\/2022\/08\/cropped-image-of-businessman-sitting-by-the-table-in-cafe-with-laptop-computer-and-writing-something-scaled.jpg\" data-object-fit=\"cover\" srcset=\"http:\/\/gferrari.com.br\/wp-content\/uploads\/2022\/08\/cropped-image-of-businessman-sitting-by-the-table-in-cafe-with-laptop-computer-and-writing-something-scaled.jpg 2560w, http:\/\/gferrari.com.br\/wp-content\/uploads\/2022\/08\/cropped-image-of-businessman-sitting-by-the-table-in-cafe-with-laptop-computer-and-writing-something-300x200.jpg 300w, http:\/\/gferrari.com.br\/wp-content\/uploads\/2022\/08\/cropped-image-of-businessman-sitting-by-the-table-in-cafe-with-laptop-computer-and-writing-something-1024x683.jpg 1024w, http:\/\/gferrari.com.br\/wp-content\/uploads\/2022\/08\/cropped-image-of-businessman-sitting-by-the-table-in-cafe-with-laptop-computer-and-writing-something-768x512.jpg 768w, http:\/\/gferrari.com.br\/wp-content\/uploads\/2022\/08\/cropped-image-of-businessman-sitting-by-the-table-in-cafe-with-laptop-computer-and-writing-something-1536x1024.jpg 1536w, http:\/\/gferrari.com.br\/wp-content\/uploads\/2022\/08\/cropped-image-of-businessman-sitting-by-the-table-in-cafe-with-laptop-computer-and-writing-something-2048x1365.jpg 2048w\" sizes=\"(max-width: 2560px) 100vw, 2560px\" \/><div class=\"wp-block-cover__inner-container\">\n<h2 class=\"has-ast-global-color-5-color has-text-color\" style=\"font-size:50px\">Representa\u00e7\u00e3o Legal<\/h2>\n<\/div><\/div>\n\n\n\n<div class=\"wp-container-4 wp-block-group alignfull has-ast-global-color-5-background-color has-background\"><div class=\"wp-block-group__inner-container\">\n<div class=\"wp-block-cover alignfull\" style=\"min-height:672px\"><span aria-hidden=\"true\" class=\"wp-block-cover__background has-background-dim-100 has-background-dim\" style=\"background-color:#02733e\"><\/span><div class=\"wp-block-cover__inner-container\">\n<div class=\"wp-block-media-text alignwide has-media-on-the-right is-stacked-on-mobile is-vertically-aligned-center\" style=\"grid-template-columns:auto 46%\"><figure class=\"wp-block-media-text__media\"><img loading=\"lazy\" width=\"1024\" height=\"1024\" src=\"http:\/\/gferrari.com.br\/wp-content\/uploads\/2022\/08\/businessman-s-hand-typing-on-laptop-over-the-desk-1024x1024.jpg\" alt=\"\" class=\"wp-image-929 size-full\" srcset=\"http:\/\/gferrari.com.br\/wp-content\/uploads\/2022\/08\/businessman-s-hand-typing-on-laptop-over-the-desk-1024x1024.jpg 1024w, http:\/\/gferrari.com.br\/wp-content\/uploads\/2022\/08\/businessman-s-hand-typing-on-laptop-over-the-desk-300x300.jpg 300w, http:\/\/gferrari.com.br\/wp-content\/uploads\/2022\/08\/businessman-s-hand-typing-on-laptop-over-the-desk-150x150.jpg 150w, http:\/\/gferrari.com.br\/wp-content\/uploads\/2022\/08\/businessman-s-hand-typing-on-laptop-over-the-desk-768x768.jpg 768w, http:\/\/gferrari.com.br\/wp-content\/uploads\/2022\/08\/businessman-s-hand-typing-on-laptop-over-the-desk-1536x1536.jpg 1536w, http:\/\/gferrari.com.br\/wp-content\/uploads\/2022\/08\/businessman-s-hand-typing-on-laptop-over-the-desk-2048x2048.jpg 2048w\" sizes=\"(max-width: 1024px) 100vw, 1024px\" \/><\/figure><div class=\"wp-block-media-text__content\">\n<h1 class=\"has-text-color\" style=\"color:#ffffff\"><strong>Representa\u00e7\u00e3o Legal de Certifica\u00e7\u00e3o<\/strong><\/h1>\n\n\n\n<p class=\"has-ast-global-color-5-color has-text-color\">Empresa estrangeira interessada em regularizar seus produtos junto aos \u00f3rg\u00e3os de fiscaliza\u00e7\u00e3o do Brasil, devem ter uma empresa legalmente estabelecida no pa\u00eds para ser seu Representante de Certifica\u00e7\u00e3o.<\/p>\n\n\n\n<p class=\"has-ast-global-color-5-color has-text-color\">A GFerrari atua como Representante de Certifica\u00e7\u00e3o e pode lhe ajudar!<\/p>\n\n\n\n<div class=\"wp-container-1 wp-block-buttons\"><\/div>\n<\/div><\/div>\n<\/div><\/div>\n\n\n\n<div style=\"height:90px\" aria-hidden=\"true\" class=\"wp-block-spacer\"><\/div>\n\n\n\n<div class=\"wp-container-3 wp-block-group alignfull has-ast-global-color-5-background-color has-background\"><div class=\"wp-block-group__inner-container\">\n<div class=\"wp-block-media-text alignwide is-stacked-on-mobile\" style=\"grid-template-columns:42% auto\"><figure class=\"wp-block-media-text__media\"><img loading=\"lazy\" width=\"683\" height=\"1024\" src=\"http:\/\/gferrari.com.br\/wp-content\/uploads\/2022\/08\/high-angle-view-of-cropped-man-filling-online-calendar-683x1024.jpg\" alt=\"\" class=\"wp-image-643 size-full\" srcset=\"http:\/\/gferrari.com.br\/wp-content\/uploads\/2022\/08\/high-angle-view-of-cropped-man-filling-online-calendar-683x1024.jpg 683w, http:\/\/gferrari.com.br\/wp-content\/uploads\/2022\/08\/high-angle-view-of-cropped-man-filling-online-calendar-200x300.jpg 200w, http:\/\/gferrari.com.br\/wp-content\/uploads\/2022\/08\/high-angle-view-of-cropped-man-filling-online-calendar-768x1151.jpg 768w, http:\/\/gferrari.com.br\/wp-content\/uploads\/2022\/08\/high-angle-view-of-cropped-man-filling-online-calendar-1025x1536.jpg 1025w, http:\/\/gferrari.com.br\/wp-content\/uploads\/2022\/08\/high-angle-view-of-cropped-man-filling-online-calendar-scaled.jpg 1709w\" sizes=\"(max-width: 683px) 100vw, 683px\" \/><\/figure><div class=\"wp-block-media-text__content\">\n<h2>Sistem\u00e1tica<\/h2>\n\n\n\n<p>Para fabricantes estrangeiros, que ainda n\u00e3o possuem representa\u00e7\u00e3o comercial no Brasil, a GFerrari atua como Representante de Certifica\u00e7\u00e3o, sendo o detentor do seu certificado.<\/p>\n\n\n\n<p>Nossa equipe orienta em todo processo, visando facilitar a an\u00e1lise t\u00e9cnica e documental do produto, reduzindo assim o prazo de conclus\u00e3o.<\/p>\n\n\n\n<p>O fabricante estrangeiro \u00e9 totalmente respons\u00e1vel pelos custos no processo at\u00e9 sua conclus\u00e3o, e somente poder\u00e1 comercializar seu produto, mediante acordo de entendimento junto a GFerrari.<\/p>\n\n\n\n<p>A GFerrari se isenta de qualquer obriga\u00e7\u00e3o proveniente do comercio ou p\u00f3s-venda do produto, apesar de possuir uma sistem\u00e1tica para Tratamento de Reclama\u00e7\u00f5es, onde qualquer reclama\u00e7\u00e3o recebida, dever\u00e1 ser registrada e tratada junto ao respectivo fabricante.<\/p>\n\n\n\n<p>Empresas autorizadas pela GFerrari poder\u00e3o usar o Selo de Identifica\u00e7\u00e3o da Conformidade e consequentemente efetuar a importa\u00e7\u00e3o e comercializa\u00e7\u00e3o dos respectivos produtos em territ\u00f3rio brasileiro.<\/p>\n\n\n\n<div class=\"wp-container-2 wp-block-buttons\"><\/div>\n<\/div><\/div>\n<\/div><\/div>\n<\/div><\/div>\n\n\n\n<div style=\"height:100px\" aria-hidden=\"true\" class=\"wp-block-spacer\"><\/div>\n\n\n\n<div class=\"wp-container-6 wp-block-group alignfull has-ast-global-color-5-background-color has-background\"><div class=\"wp-block-group__inner-container\">\n<div class=\"wp-block-media-text has-media-on-the-right is-stacked-on-mobile is-vertically-aligned-center is-image-fill has-ast-global-color-5-color has-text-color has-background\" style=\"background-color:#02733e;grid-template-columns:auto 34%\"><figure class=\"wp-block-media-text__media\" style=\"background-image:url(http:\/\/gferrari.com.br\/wp-content\/uploads\/2022\/08\/handshake-business-men-concept-1-1024x683.jpg);background-position:50% 50%\"><img loading=\"lazy\" width=\"1024\" height=\"683\" src=\"http:\/\/gferrari.com.br\/wp-content\/uploads\/2022\/08\/handshake-business-men-concept-1-1024x683.jpg\" alt=\"\" class=\"wp-image-653 size-full\" srcset=\"http:\/\/gferrari.com.br\/wp-content\/uploads\/2022\/08\/handshake-business-men-concept-1-1024x683.jpg 1024w, http:\/\/gferrari.com.br\/wp-content\/uploads\/2022\/08\/handshake-business-men-concept-1-300x200.jpg 300w, http:\/\/gferrari.com.br\/wp-content\/uploads\/2022\/08\/handshake-business-men-concept-1-768x513.jpg 768w, http:\/\/gferrari.com.br\/wp-content\/uploads\/2022\/08\/handshake-business-men-concept-1-1536x1025.jpg 1536w\" sizes=\"(max-width: 1024px) 100vw, 1024px\" \/><\/figure><div class=\"wp-block-media-text__content\">\n<div class=\"wp-container-5 wp-block-group\"><div class=\"wp-block-group__inner-container\">\n<h2 class=\"has-text-align-center has-white-color has-text-color\"><strong>Vantagens:<\/strong><\/h2>\n<\/div><\/div>\n\n\n\n<p class=\"has-ast-global-color-5-color has-text-color\">\u2013 Empresa especializada em certifica\u00e7\u00e3o de produtos.<\/p>\n\n\n\n<p class=\"has-ast-global-color-5-color has-text-color\">\u2013 Agilidade e parceria com certificadoras com foco na redu\u00e7\u00e3o de custos e prazos.<\/p>\n\n\n\n<p class=\"has-ast-global-color-5-color has-text-color\">\u2013 Fabricante negocia com diferentes importadores utilizando o mesmo certificado.<\/p>\n\n\n\n<p class=\"has-ast-global-color-5-color has-text-color\">\u2013 Controle e gest\u00e3o de certifica\u00e7\u00e3o e registros.<\/p>\n\n\n\n<p class=\"has-ast-global-color-5-color has-text-color\">\u2013 Gerenciamos todo o processo para voc\u00ea!<\/p>\n<\/div><\/div>\n<\/div><\/div>\n\n\n\n<div class=\"wp-container-12 wp-block-group alignfull has-white-background-color has-background\"><div class=\"wp-block-group__inner-container\">\n<div class=\"wp-container-11 wp-block-columns are-vertically-aligned-center\">\n<div class=\"wp-container-7 wp-block-column is-vertically-aligned-center\">\n<h2>Fale conosco<\/h2>\n\n\n<div class=\"wpforms-container \" id=\"wpforms-4\"><form id=\"wpforms-form-4\" class=\"wpforms-validate wpforms-form\" data-formid=\"4\" method=\"post\" enctype=\"multipart\/form-data\" action=\"\/index.php?rest_route=%2Fwp%2Fv2%2Fpages%2F2\" data-token=\"0070ba4ef1b92be4e584b5c007844e1b\"><noscript class=\"wpforms-error-noscript\">Ative o JavaScript no seu navegador para preencher este formul\u00e1rio.<\/noscript><div class=\"wpforms-field-container\"><div id=\"wpforms-4-field_0-container\" class=\"wpforms-field wpforms-field-name\" data-field-id=\"0\"><label class=\"wpforms-field-label wpforms-label-hide\" for=\"wpforms-4-field_0\">Name <span class=\"wpforms-required-label\">*<\/span><\/label><input type=\"text\" id=\"wpforms-4-field_0\" class=\"wpforms-field-large wpforms-field-required\" name=\"wpforms[fields][0]\" placeholder=\"Your Name\" required><\/div><div id=\"wpforms-4-field_1-container\" class=\"wpforms-field wpforms-field-email\" data-field-id=\"1\"><label class=\"wpforms-field-label wpforms-label-hide\" for=\"wpforms-4-field_1\">Email <span class=\"wpforms-required-label\">*<\/span><\/label><input type=\"email\" id=\"wpforms-4-field_1\" class=\"wpforms-field-large wpforms-field-required\" name=\"wpforms[fields][1]\" placeholder=\"Email Address\" required><\/div><div id=\"wpforms-4-field_2-container\" class=\"wpforms-field wpforms-field-textarea\" data-field-id=\"2\"><label class=\"wpforms-field-label wpforms-label-hide\" for=\"wpforms-4-field_2\">Message <span class=\"wpforms-required-label\">*<\/span><\/label><textarea id=\"wpforms-4-field_2\" class=\"wpforms-field-medium wpforms-field-required\" name=\"wpforms[fields][2]\" placeholder=\"Message\" required><\/textarea><\/div><\/div><div class=\"wpforms-field wpforms-field-hp\"><label for=\"wpforms-4-field-hp\" class=\"wpforms-field-label\">Comment<\/label><input type=\"text\" name=\"wpforms[hp]\" id=\"wpforms-4-field-hp\" class=\"wpforms-field-medium\"><\/div><div class=\"wpforms-submit-container\"><input type=\"hidden\" name=\"wpforms[id]\" value=\"4\"><input type=\"hidden\" name=\"wpforms[author]\" value=\"1\"><button type=\"submit\" name=\"wpforms[submit]\" id=\"wpforms-submit-4\" class=\"wpforms-submit\" data-alt-text=\"Sending...\" data-submit-text=\"Send Message\" aria-live=\"assertive\" value=\"wpforms-submit\">Send Message<\/button><\/div><\/form><\/div>  <!-- .wpforms-container --><\/div>\n\n\n\n<div class=\"wp-container-10 wp-block-column is-vertically-aligned-center\">\n<div class=\"wp-container-9 wp-block-group\"><div class=\"wp-block-group__inner-container\">\n<figure class=\"wp-block-image size-large\"><img loading=\"lazy\" width=\"1024\" height=\"210\" src=\"http:\/\/gferrari.com.br\/wp-content\/uploads\/2022\/06\/Logo-Final-1024x210.png\" alt=\"\" class=\"wp-image-260\" srcset=\"http:\/\/gferrari.com.br\/wp-content\/uploads\/2022\/06\/Logo-Final-1024x210.png 1024w, http:\/\/gferrari.com.br\/wp-content\/uploads\/2022\/06\/Logo-Final-300x62.png 300w, http:\/\/gferrari.com.br\/wp-content\/uploads\/2022\/06\/Logo-Final-768x158.png 768w, http:\/\/gferrari.com.br\/wp-content\/uploads\/2022\/06\/Logo-Final-1536x315.png 1536w, http:\/\/gferrari.com.br\/wp-content\/uploads\/2022\/06\/Logo-Final-2048x421.png 2048w, http:\/\/gferrari.com.br\/wp-content\/uploads\/2022\/06\/Logo-Final-270x55.png 270w\" sizes=\"(max-width: 1024px) 100vw, 1024px\" \/><\/figure>\n\n\n\n<ul class=\"wp-container-8 is-content-justification-center wp-block-social-links\"><li class=\"wp-social-link wp-social-link-facebook wp-block-social-link\"><a href=\"https:\/\/www.facebook.com\/gferrari.assessoriaconsultoria\"  class=\"wp-block-social-link-anchor\"><svg width=\"24\" height=\"24\" viewBox=\"0 0 24 24\" version=\"1.1\" xmlns=\"http:\/\/www.w3.org\/2000\/svg\" aria-hidden=\"true\" focusable=\"false\"><path d=\"M12 2C6.5 2 2 6.5 2 12c0 5 3.7 9.1 8.4 9.9v-7H7.9V12h2.5V9.8c0-2.5 1.5-3.9 3.8-3.9 1.1 0 2.2.2 2.2.2v2.5h-1.3c-1.2 0-1.6.8-1.6 1.6V12h2.8l-.4 2.9h-2.3v7C18.3 21.1 22 17 22 12c0-5.5-4.5-10-10-10z\"><\/path><\/svg><span class=\"wp-block-social-link-label screen-reader-text\">Facebook<\/span><\/a><\/li><\/ul>\n<\/div><\/div>\n<\/div>\n<\/div>\n<\/div><\/div>\n","protected":false},"excerpt":{"rendered":"<p>Sistem\u00e1tica Para fabricantes estrangeiros, que ainda n\u00e3o possuem representa\u00e7\u00e3o comercial no Brasil, a GFerrari atua como Representante de Certifica\u00e7\u00e3o, sendo o detentor do seu certificado. Nossa equipe orienta em todo processo, visando facilitar a an\u00e1lise t\u00e9cnica e documental do produto, reduzindo assim o prazo de conclus\u00e3o. O fabricante estrangeiro \u00e9 totalmente respons\u00e1vel pelos custos no &hellip;<\/p>\n<p class=\"read-more\"> <a class=\"\" href=\"http:\/\/gferrari.com.br\/?page_id=2\"> <span class=\"screen-reader-text\">Representa\u00e7\u00e3o Legal<\/span> Leia mais &raquo;<\/a><\/p>\n","protected":false},"author":1,"featured_media":0,"parent":0,"menu_order":0,"comment_status":"closed","ping_status":"open","template":"","meta":{"om_disable_all_campaigns":false,"_monsterinsights_skip_tracking":false,"_monsterinsights_sitenote_active":false,"_monsterinsights_sitenote_note":"","_monsterinsights_sitenote_category":0,"site-sidebar-layout":"default","site-content-layout":"plain-container","ast-global-header-display":"","ast-main-header-display":"","ast-hfb-above-header-display":"","ast-hfb-below-header-display":"","ast-hfb-mobile-header-display":"","site-post-title":"disabled","ast-breadcrumbs-content":"","ast-featured-img":"","footer-sml-layout":"","theme-transparent-header-meta":"","adv-header-id-meta":"","stick-header-meta":"","header-above-stick-meta":"","header-main-stick-meta":"","header-below-stick-meta":""},"_links":{"self":[{"href":"http:\/\/gferrari.com.br\/index.php?rest_route=\/wp\/v2\/pages\/2"}],"collection":[{"href":"http:\/\/gferrari.com.br\/index.php?rest_route=\/wp\/v2\/pages"}],"about":[{"href":"http:\/\/gferrari.com.br\/index.php?rest_route=\/wp\/v2\/types\/page"}],"author":[{"embeddable":true,"href":"http:\/\/gferrari.com.br\/index.php?rest_route=\/wp\/v2\/users\/1"}],"replies":[{"embeddable":true,"href":"http:\/\/gferrari.com.br\/index.php?rest_route=%2Fwp%2Fv2%2Fcomments&post=2"}],"version-history":[{"count":30,"href":"http:\/\/gferrari.com.br\/index.php?rest_route=\/wp\/v2\/pages\/2\/revisions"}],"predecessor-version":[{"id":972,"href":"http:\/\/gferrari.com.br\/index.php?rest_route=\/wp\/v2\/pages\/2\/revisions\/972"}],"wp:attachment":[{"href":"http:\/\/gferrari.com.br\/index.php?rest_route=%2Fwp%2Fv2%2Fmedia&parent=2"}],"curies":[{"name":"wp","href":"https:\/\/api.w.org\/{rel}","templated":true}]}}