{"id":10,"date":"2021-05-13T05:31:27","date_gmt":"2021-05-13T05:31:27","guid":{"rendered":"http:\/\/gferrari.com.br\/?page_id=10"},"modified":"2022-08-31T01:06:21","modified_gmt":"2022-08-31T01:06:21","slug":"home","status":"publish","type":"page","link":"http:\/\/gferrari.com.br\/","title":{"rendered":"Home"},"content":{"rendered":"\n<div class=\"wp-block-cover alignfull\" style=\"min-height:558px\"><span aria-hidden=\"true\" class=\"wp-block-cover__background has-background-dim-60 has-background-dim\" style=\"background-color:#025930\"><\/span><img loading=\"lazy\" width=\"2560\" height=\"1707\" class=\"wp-block-cover__image-background wp-image-498\" alt=\"\" src=\"http:\/\/gferrari.com.br\/wp-content\/uploads\/2022\/07\/aerial-view-of-cargo-ship-and-cargo-container-in-harbor-1-scaled.jpg\" style=\"object-position:50% 60%\" data-object-fit=\"cover\" data-object-position=\"50% 60%\" srcset=\"http:\/\/gferrari.com.br\/wp-content\/uploads\/2022\/07\/aerial-view-of-cargo-ship-and-cargo-container-in-harbor-1-scaled.jpg 2560w, http:\/\/gferrari.com.br\/wp-content\/uploads\/2022\/07\/aerial-view-of-cargo-ship-and-cargo-container-in-harbor-1-300x200.jpg 300w, http:\/\/gferrari.com.br\/wp-content\/uploads\/2022\/07\/aerial-view-of-cargo-ship-and-cargo-container-in-harbor-1-1024x683.jpg 1024w, http:\/\/gferrari.com.br\/wp-content\/uploads\/2022\/07\/aerial-view-of-cargo-ship-and-cargo-container-in-harbor-1-768x512.jpg 768w, http:\/\/gferrari.com.br\/wp-content\/uploads\/2022\/07\/aerial-view-of-cargo-ship-and-cargo-container-in-harbor-1-1536x1024.jpg 1536w\" sizes=\"(max-width: 2560px) 100vw, 2560px\" \/><div class=\"wp-block-cover__inner-container\">\n<p class=\"has-text-align-center has-large-font-size\"><\/p>\n<\/div><\/div>\n\n\n\n<div class=\"wp-container-7 wp-block-group alignfull has-ast-global-color-5-background-color has-background\"><div class=\"wp-block-group__inner-container\">\n<div class=\"wp-block-media-text alignwide is-stacked-on-mobile\" style=\"grid-template-columns:25% auto\"><figure class=\"wp-block-media-text__media\"><img loading=\"lazy\" width=\"683\" height=\"1024\" src=\"http:\/\/gferrari.com.br\/wp-content\/uploads\/2022\/08\/close-up-of-businessman-holding-a-pen-683x1024.jpg\" alt=\"\" class=\"wp-image-836 size-full\" srcset=\"http:\/\/gferrari.com.br\/wp-content\/uploads\/2022\/08\/close-up-of-businessman-holding-a-pen-683x1024.jpg 683w, http:\/\/gferrari.com.br\/wp-content\/uploads\/2022\/08\/close-up-of-businessman-holding-a-pen-200x300.jpg 200w, http:\/\/gferrari.com.br\/wp-content\/uploads\/2022\/08\/close-up-of-businessman-holding-a-pen-768x1152.jpg 768w, http:\/\/gferrari.com.br\/wp-content\/uploads\/2022\/08\/close-up-of-businessman-holding-a-pen-1024x1536.jpg 1024w, http:\/\/gferrari.com.br\/wp-content\/uploads\/2022\/08\/close-up-of-businessman-holding-a-pen-1365x2048.jpg 1365w, http:\/\/gferrari.com.br\/wp-content\/uploads\/2022\/08\/close-up-of-businessman-holding-a-pen-scaled.jpg 1707w\" sizes=\"(max-width: 683px) 100vw, 683px\" \/><\/figure><div class=\"wp-block-media-text__content\">\n<h5>Quem somos n\u00f3s?<\/h5>\n\n\n\n<h2>GFerrari &#8211; Certifica\u00e7\u00f5es<\/h2>\n\n\n\n<p>Localizada no estado de S\u00e3o Paulo &#8211; Brasil, a empresa foi criada em 2017 pelo Eng. Giuliano Ferrari, para dar suporte profissional \u00e0 empresas nacionais e estrangeiras na certifica\u00e7\u00e3o e homologa\u00e7\u00e3o de produtos e servi\u00e7os.  <\/p>\n<\/div><\/div>\n\n\n\n<div style=\"height:68px\" aria-hidden=\"true\" class=\"wp-block-spacer\"><\/div>\n\n\n\n<div style=\"height:100px\" aria-hidden=\"true\" class=\"wp-block-spacer\"><\/div>\n\n\n\n<h2 class=\"has-text-align-center\">Nossos Servi\u00e7os<\/h2>\n\n\n\n<div style=\"height:36px\" aria-hidden=\"true\" class=\"wp-block-spacer\"><\/div>\n\n\n\n<div class=\"wp-container-6 wp-block-columns alignwide\">\n<div class=\"wp-container-1 wp-block-column\">\n<figure class=\"wp-block-image size-large is-style-rounded\"><a href=\"http:\/\/gferrari.com.br\/?page_id=446\"><img loading=\"lazy\" width=\"1024\" height=\"682\" src=\"http:\/\/gferrari.com.br\/wp-content\/uploads\/2022\/06\/engineer-engineering-structural-engineer-4925118-1024x682.jpg\" alt=\"engineer, engineering, structural engineer-4925118.jpg\" class=\"wp-image-320\" srcset=\"http:\/\/gferrari.com.br\/wp-content\/uploads\/2022\/06\/engineer-engineering-structural-engineer-4925118-1024x682.jpg 1024w, http:\/\/gferrari.com.br\/wp-content\/uploads\/2022\/06\/engineer-engineering-structural-engineer-4925118-300x200.jpg 300w, http:\/\/gferrari.com.br\/wp-content\/uploads\/2022\/06\/engineer-engineering-structural-engineer-4925118-768x512.jpg 768w, http:\/\/gferrari.com.br\/wp-content\/uploads\/2022\/06\/engineer-engineering-structural-engineer-4925118.jpg 1280w\" sizes=\"(max-width: 1024px) 100vw, 1024px\" \/><\/a><\/figure>\n\n\n\n<h4 class=\"has-text-align-center\">Certifica\u00e7\u00f5es<\/h4>\n<\/div>\n\n\n\n<div class=\"wp-container-2 wp-block-column\">\n<figure class=\"wp-block-image size-large is-style-rounded\"><a href=\"http:\/\/gferrari.com.br\/?page_id=449\"><img loading=\"lazy\" width=\"1024\" height=\"683\" src=\"http:\/\/gferrari.com.br\/wp-content\/uploads\/2022\/07\/Registro-1024x683.jpg\" alt=\"\" class=\"wp-image-545\" srcset=\"http:\/\/gferrari.com.br\/wp-content\/uploads\/2022\/07\/Registro-1024x683.jpg 1024w, http:\/\/gferrari.com.br\/wp-content\/uploads\/2022\/07\/Registro-300x200.jpg 300w, http:\/\/gferrari.com.br\/wp-content\/uploads\/2022\/07\/Registro-768x512.jpg 768w, http:\/\/gferrari.com.br\/wp-content\/uploads\/2022\/07\/Registro-1536x1024.jpg 1536w, http:\/\/gferrari.com.br\/wp-content\/uploads\/2022\/07\/Registro-2048x1365.jpg 2048w\" sizes=\"(max-width: 1024px) 100vw, 1024px\" \/><\/a><\/figure>\n\n\n\n<h2 class=\"has-text-align-center has-medium-font-size\">Registro<\/h2>\n<\/div>\n\n\n\n<div class=\"wp-container-3 wp-block-column\">\n<figure class=\"wp-block-image size-large is-style-rounded\"><a href=\"http:\/\/gferrari.com.br\/?page_id=448\"><img loading=\"lazy\" width=\"1024\" height=\"683\" src=\"http:\/\/gferrari.com.br\/wp-content\/uploads\/2022\/07\/close-up-of-businessman-with-digital-tablet-1024x683.jpg\" alt=\"\" class=\"wp-image-509\" srcset=\"http:\/\/gferrari.com.br\/wp-content\/uploads\/2022\/07\/close-up-of-businessman-with-digital-tablet-1024x683.jpg 1024w, http:\/\/gferrari.com.br\/wp-content\/uploads\/2022\/07\/close-up-of-businessman-with-digital-tablet-300x200.jpg 300w, http:\/\/gferrari.com.br\/wp-content\/uploads\/2022\/07\/close-up-of-businessman-with-digital-tablet-768x512.jpg 768w, http:\/\/gferrari.com.br\/wp-content\/uploads\/2022\/07\/close-up-of-businessman-with-digital-tablet-1536x1024.jpg 1536w, http:\/\/gferrari.com.br\/wp-content\/uploads\/2022\/07\/close-up-of-businessman-with-digital-tablet-2048x1365.jpg 2048w\" sizes=\"(max-width: 1024px) 100vw, 1024px\" \/><\/a><\/figure>\n\n\n\n<h4 class=\"has-text-align-center\">Consultoria<\/h4>\n<\/div>\n\n\n\n<div class=\"wp-container-4 wp-block-column\">\n<figure class=\"wp-block-image size-large is-style-rounded\"><a href=\"http:\/\/gferrari.com.br\/?page_id=2\"><img loading=\"lazy\" width=\"1024\" height=\"683\" src=\"http:\/\/gferrari.com.br\/wp-content\/uploads\/2022\/08\/cropped-image-of-businessman-sitting-by-the-table-in-cafe-with-laptop-computer-and-writing-something-1024x683.jpg\" alt=\"\" class=\"wp-image-640\" srcset=\"http:\/\/gferrari.com.br\/wp-content\/uploads\/2022\/08\/cropped-image-of-businessman-sitting-by-the-table-in-cafe-with-laptop-computer-and-writing-something-1024x683.jpg 1024w, http:\/\/gferrari.com.br\/wp-content\/uploads\/2022\/08\/cropped-image-of-businessman-sitting-by-the-table-in-cafe-with-laptop-computer-and-writing-something-300x200.jpg 300w, http:\/\/gferrari.com.br\/wp-content\/uploads\/2022\/08\/cropped-image-of-businessman-sitting-by-the-table-in-cafe-with-laptop-computer-and-writing-something-768x512.jpg 768w, http:\/\/gferrari.com.br\/wp-content\/uploads\/2022\/08\/cropped-image-of-businessman-sitting-by-the-table-in-cafe-with-laptop-computer-and-writing-something-1536x1024.jpg 1536w, http:\/\/gferrari.com.br\/wp-content\/uploads\/2022\/08\/cropped-image-of-businessman-sitting-by-the-table-in-cafe-with-laptop-computer-and-writing-something-2048x1365.jpg 2048w\" sizes=\"(max-width: 1024px) 100vw, 1024px\" \/><\/a><\/figure>\n\n\n\n<h2 class=\"has-text-align-center has-medium-font-size\">Representa\u00e7\u00e3o<\/h2>\n<\/div>\n\n\n\n<div class=\"wp-container-5 wp-block-column\">\n<figure class=\"wp-block-image size-large is-resized is-style-rounded\" style=\"border-radius:0px\"><img loading=\"lazy\" src=\"http:\/\/gferrari.com.br\/wp-content\/uploads\/2022\/08\/group-of-diverse-people-having-a-business-meeting-1-1024x680.jpg\" alt=\"\" class=\"wp-image-832\" width=\"243\" height=\"160\" srcset=\"http:\/\/gferrari.com.br\/wp-content\/uploads\/2022\/08\/group-of-diverse-people-having-a-business-meeting-1-1024x680.jpg 1024w, http:\/\/gferrari.com.br\/wp-content\/uploads\/2022\/08\/group-of-diverse-people-having-a-business-meeting-1-300x199.jpg 300w, http:\/\/gferrari.com.br\/wp-content\/uploads\/2022\/08\/group-of-diverse-people-having-a-business-meeting-1-768x510.jpg 768w, http:\/\/gferrari.com.br\/wp-content\/uploads\/2022\/08\/group-of-diverse-people-having-a-business-meeting-1-1536x1019.jpg 1536w, http:\/\/gferrari.com.br\/wp-content\/uploads\/2022\/08\/group-of-diverse-people-having-a-business-meeting-1-2048x1359.jpg 2048w\" sizes=\"(max-width: 243px) 100vw, 243px\" \/><\/figure>\n\n\n\n<h2 class=\"has-text-align-center has-medium-font-size\">Treinamento<\/h2>\n<\/div>\n<\/div>\n<\/div><\/div>\n\n\n\n<div class=\"wp-container-9 wp-block-group alignfull has-ast-global-color-5-background-color has-background\"><div class=\"wp-block-group__inner-container\">\n<div class=\"wp-block-media-text has-media-on-the-right is-stacked-on-mobile is-vertically-aligned-center has-background\" style=\"background-color:#02733e;grid-template-columns:auto 43%\"><figure class=\"wp-block-media-text__media\"><img loading=\"lazy\" width=\"1024\" height=\"683\" src=\"http:\/\/gferrari.com.br\/wp-content\/uploads\/2022\/07\/container-operation-in-port-series-1-1024x683.jpg\" alt=\"\" class=\"wp-image-537 size-full\" srcset=\"http:\/\/gferrari.com.br\/wp-content\/uploads\/2022\/07\/container-operation-in-port-series-1-1024x683.jpg 1024w, http:\/\/gferrari.com.br\/wp-content\/uploads\/2022\/07\/container-operation-in-port-series-1-300x200.jpg 300w, http:\/\/gferrari.com.br\/wp-content\/uploads\/2022\/07\/container-operation-in-port-series-1-768x512.jpg 768w, http:\/\/gferrari.com.br\/wp-content\/uploads\/2022\/07\/container-operation-in-port-series-1-1536x1024.jpg 1536w, http:\/\/gferrari.com.br\/wp-content\/uploads\/2022\/07\/container-operation-in-port-series-1-2048x1365.jpg 2048w\" sizes=\"(max-width: 1024px) 100vw, 1024px\" \/><\/figure><div class=\"wp-block-media-text__content\">\n<div class=\"wp-container-8 wp-block-group\"><div class=\"wp-block-group__inner-container\">\n<h2 class=\"has-text-align-center has-white-color has-text-color\"><br>Nosso Compromisso<\/h2>\n\n\n\n<p class=\"has-ast-global-color-5-color has-text-color\">Prover a confian\u00e7a e satisfa\u00e7\u00e3o de nossos clientes, oferecendo o servi\u00e7o correto e preciso, assegurando a confidencialidade das informa\u00e7\u00f5es.<\/p>\n\n\n\n<p class=\"has-ast-global-color-5-color has-text-color\">Vis\u00e3o<br>Ser reconhecido como empresa que resolve os problemas do cliente!<\/p>\n<\/div><\/div>\n<\/div><\/div>\n<\/div><\/div>\n\n\n\n<div class=\"wp-container-15 wp-block-group alignfull has-white-background-color has-background\"><div class=\"wp-block-group__inner-container\">\n<div class=\"wp-container-14 wp-block-columns\">\n<div class=\"wp-container-10 wp-block-column is-vertically-aligned-center\">\n<h2>Fale Conosco<\/h2>\n\n\n<div class=\"wpforms-container \" id=\"wpforms-4\"><form id=\"wpforms-form-4\" class=\"wpforms-validate wpforms-form\" data-formid=\"4\" method=\"post\" enctype=\"multipart\/form-data\" action=\"\/index.php?rest_route=%2Fwp%2Fv2%2Fpages%2F10\" data-token=\"0070ba4ef1b92be4e584b5c007844e1b\"><noscript class=\"wpforms-error-noscript\">Ative o JavaScript no seu navegador para preencher este formul\u00e1rio.<\/noscript><div class=\"wpforms-field-container\"><div id=\"wpforms-4-field_0-container\" class=\"wpforms-field wpforms-field-name\" data-field-id=\"0\"><label class=\"wpforms-field-label wpforms-label-hide\" for=\"wpforms-4-field_0\">Name <span class=\"wpforms-required-label\">*<\/span><\/label><input type=\"text\" id=\"wpforms-4-field_0\" class=\"wpforms-field-large wpforms-field-required\" name=\"wpforms[fields][0]\" placeholder=\"Your Name\" required><\/div><div id=\"wpforms-4-field_1-container\" class=\"wpforms-field wpforms-field-email\" data-field-id=\"1\"><label class=\"wpforms-field-label wpforms-label-hide\" for=\"wpforms-4-field_1\">Email <span class=\"wpforms-required-label\">*<\/span><\/label><input type=\"email\" id=\"wpforms-4-field_1\" class=\"wpforms-field-large wpforms-field-required\" name=\"wpforms[fields][1]\" placeholder=\"Email Address\" required><\/div><div id=\"wpforms-4-field_2-container\" class=\"wpforms-field wpforms-field-textarea\" data-field-id=\"2\"><label class=\"wpforms-field-label wpforms-label-hide\" for=\"wpforms-4-field_2\">Message <span class=\"wpforms-required-label\">*<\/span><\/label><textarea id=\"wpforms-4-field_2\" class=\"wpforms-field-medium wpforms-field-required\" name=\"wpforms[fields][2]\" placeholder=\"Message\" required><\/textarea><\/div><\/div><div class=\"wpforms-field wpforms-field-hp\"><label for=\"wpforms-4-field-hp\" class=\"wpforms-field-label\">Message<\/label><input type=\"text\" name=\"wpforms[hp]\" id=\"wpforms-4-field-hp\" class=\"wpforms-field-medium\"><\/div><div class=\"wpforms-submit-container\"><input type=\"hidden\" name=\"wpforms[id]\" value=\"4\"><input type=\"hidden\" name=\"wpforms[author]\" value=\"1\"><button type=\"submit\" name=\"wpforms[submit]\" id=\"wpforms-submit-4\" class=\"wpforms-submit\" data-alt-text=\"Sending...\" data-submit-text=\"Send Message\" aria-live=\"assertive\" value=\"wpforms-submit\">Send Message<\/button><\/div><\/form><\/div>  <!-- .wpforms-container --><\/div>\n\n\n\n<div class=\"wp-container-13 wp-block-column is-vertically-aligned-center\">\n<div class=\"wp-container-12 wp-block-group\"><div class=\"wp-block-group__inner-container\">\n<figure class=\"wp-block-image aligncenter size-large is-resized\"><img loading=\"lazy\" src=\"http:\/\/gferrari.com.br\/wp-content\/uploads\/2022\/06\/Logo-Final-1024x210.png\" alt=\"\" class=\"wp-image-260\" width=\"453\" height=\"92\" srcset=\"http:\/\/gferrari.com.br\/wp-content\/uploads\/2022\/06\/Logo-Final-1024x210.png 1024w, http:\/\/gferrari.com.br\/wp-content\/uploads\/2022\/06\/Logo-Final-300x62.png 300w, http:\/\/gferrari.com.br\/wp-content\/uploads\/2022\/06\/Logo-Final-768x158.png 768w, http:\/\/gferrari.com.br\/wp-content\/uploads\/2022\/06\/Logo-Final-1536x315.png 1536w, http:\/\/gferrari.com.br\/wp-content\/uploads\/2022\/06\/Logo-Final-2048x421.png 2048w, http:\/\/gferrari.com.br\/wp-content\/uploads\/2022\/06\/Logo-Final-270x55.png 270w\" sizes=\"(max-width: 453px) 100vw, 453px\" \/><\/figure>\n\n\n\n<div style=\"height:24px\" aria-hidden=\"true\" class=\"wp-block-spacer\"><\/div>\n\n\n\n<ul class=\"wp-container-11 is-content-justification-center wp-block-social-links\"><li class=\"wp-social-link wp-social-link-facebook wp-block-social-link\"><a href=\"https:\/\/www.facebook.com\/gferrari.assessoriaconsultoria\"  class=\"wp-block-social-link-anchor\"><svg width=\"24\" height=\"24\" viewBox=\"0 0 24 24\" version=\"1.1\" xmlns=\"http:\/\/www.w3.org\/2000\/svg\" aria-hidden=\"true\" focusable=\"false\"><path d=\"M12 2C6.5 2 2 6.5 2 12c0 5 3.7 9.1 8.4 9.9v-7H7.9V12h2.5V9.8c0-2.5 1.5-3.9 3.8-3.9 1.1 0 2.2.2 2.2.2v2.5h-1.3c-1.2 0-1.6.8-1.6 1.6V12h2.8l-.4 2.9h-2.3v7C18.3 21.1 22 17 22 12c0-5.5-4.5-10-10-10z\"><\/path><\/svg><span class=\"wp-block-social-link-label screen-reader-text\">Facebook<\/span><\/a><\/li><\/ul>\n<\/div><\/div>\n<\/div>\n<\/div>\n<\/div><\/div>\n","protected":false},"excerpt":{"rendered":"<p>Quem somos n\u00f3s? GFerrari &#8211; Certifica\u00e7\u00f5es Localizada no estado de S\u00e3o Paulo &#8211; Brasil, a empresa foi criada em 2017 pelo Eng. Giuliano Ferrari, para dar suporte profissional \u00e0 empresas nacionais e estrangeiras na certifica\u00e7\u00e3o e homologa\u00e7\u00e3o de produtos e servi\u00e7os. Nossos Servi\u00e7os Certifica\u00e7\u00f5es Registro Consultoria Representa\u00e7\u00e3o Treinamento Nosso Compromisso Prover a confian\u00e7a e satisfa\u00e7\u00e3o &hellip;<\/p>\n<p class=\"read-more\"> <a class=\"\" href=\"http:\/\/gferrari.com.br\/\"> <span class=\"screen-reader-text\">Home<\/span> Leia mais &raquo;<\/a><\/p>\n","protected":false},"author":1,"featured_media":0,"parent":0,"menu_order":0,"comment_status":"closed","ping_status":"closed","template":"","meta":{"om_disable_all_campaigns":false,"_monsterinsights_skip_tracking":false,"_monsterinsights_sitenote_active":false,"_monsterinsights_sitenote_note":"","_monsterinsights_sitenote_category":0,"site-sidebar-layout":"no-sidebar","site-content-layout":"plain-container","ast-global-header-display":"","ast-main-header-display":"","ast-hfb-above-header-display":"","ast-hfb-below-header-display":"","ast-hfb-mobile-header-display":"","site-post-title":"disabled","ast-breadcrumbs-content":"","ast-featured-img":"","footer-sml-layout":"","theme-transparent-header-meta":"enabled","adv-header-id-meta":"","stick-header-meta":"","header-above-stick-meta":"","header-main-stick-meta":"","header-below-stick-meta":""},"_links":{"self":[{"href":"http:\/\/gferrari.com.br\/index.php?rest_route=\/wp\/v2\/pages\/10"}],"collection":[{"href":"http:\/\/gferrari.com.br\/index.php?rest_route=\/wp\/v2\/pages"}],"about":[{"href":"http:\/\/gferrari.com.br\/index.php?rest_route=\/wp\/v2\/types\/page"}],"author":[{"embeddable":true,"href":"http:\/\/gferrari.com.br\/index.php?rest_route=\/wp\/v2\/users\/1"}],"replies":[{"embeddable":true,"href":"http:\/\/gferrari.com.br\/index.php?rest_route=%2Fwp%2Fv2%2Fcomments&post=10"}],"version-history":[{"count":74,"href":"http:\/\/gferrari.com.br\/index.php?rest_route=\/wp\/v2\/pages\/10\/revisions"}],"predecessor-version":[{"id":963,"href":"http:\/\/gferrari.com.br\/index.php?rest_route=\/wp\/v2\/pages\/10\/revisions\/963"}],"wp:attachment":[{"href":"http:\/\/gferrari.com.br\/index.php?rest_route=%2Fwp%2Fv2%2Fmedia&parent=10"}],"curies":[{"name":"wp","href":"https:\/\/api.w.org\/{rel}","templated":true}]}}